{"id":12006,"date":"2020-10-15T19:11:21","date_gmt":"2020-10-15T19:11:21","guid":{"rendered":"https:\/\/kapheus.com\/irish\/?post_type=product&#038;p=12006"},"modified":"2020-10-21T14:31:05","modified_gmt":"2020-10-21T14:31:05","slug":"besuch-von-covid-monster-deutsch","status":"publish","type":"product","link":"https:\/\/kapheus.com\/irish\/product\/besuch-von-covid-monster-deutsch\/","title":{"rendered":"Besuch von Covid Monster &#8211; Deutsch"},"content":{"rendered":"<p>Mit seinen schleimigen H\u00e4nden und schleimigen Zehen, macht Covid Monster Probleme auf all seinen Wegen. Kein Kind dieser Welt kann auf einem Spielplatz spielen oder gar Oma und Opa besuchen. Sie k\u00f6nnen es nicht erwarten, dass Covid Monsters Mama ihn wird nach Hause rufen.<\/p>\n<p>Dies ist Marguerite Tonerys erstes Bilderbuch, in dem sie, als ausgebildete Psychologin, Kinder unterst\u00fctzt, die mit der Pandemie verbundenen Ereignisse richtig zu verarbeiten und keine Schuldgef\u00fchle aufkommen zu lassen. Das Buch soll den Kindern vermitteln, dass sie nichts falsch gemacht haben. Sie sind nicht Schuld daran, dass sie ihre Gro\u00dfeltern nicht sehen d\u00fcrfen, nicht mit ihren Freunden spielen d\u00fcrfen und all die Sachen nicht machen d\u00fcrfen die sie \u00fcber alles lieben.<\/p>\n","protected":false},"excerpt":{"rendered":"<p>Mit seinen schleimigen H\u00e4nden und schleimigen Zehen, macht Covid Monster Probleme auf all seinen Wegen. Kein Kind dieser Welt kann auf einem Spielplatz spielen oder gar Oma und Opa besuchen. Sie k\u00f6nnen es nicht erwarten, dass Covid Monsters Mama ihn [&hellip;]<\/p>\n","protected":false},"featured_media":11998,"comment_status":"open","ping_status":"closed","template":"","meta":{"_monsterinsights_skip_tracking":false,"_monsterinsights_sitenote_active":false,"_monsterinsights_sitenote_note":"","_monsterinsights_sitenote_category":0},"product_brand":[],"product_cat":[83,78,80],"product_tag":[],"class_list":{"0":"post-12006","1":"product","2":"type-product","3":"status-publish","4":"has-post-thumbnail","6":"product_cat-cuairt-covid","7":"product_cat-leabhair-do-phaisti","8":"product_cat-leabhar-pictiur","10":"first","11":"instock","12":"shipping-taxable","13":"purchasable","14":"product-type-simple"},"_links":{"self":[{"href":"https:\/\/kapheus.com\/irish\/wp-json\/wp\/v2\/product\/12006","targetHints":{"allow":["GET"]}}],"collection":[{"href":"https:\/\/kapheus.com\/irish\/wp-json\/wp\/v2\/product"}],"about":[{"href":"https:\/\/kapheus.com\/irish\/wp-json\/wp\/v2\/types\/product"}],"replies":[{"embeddable":true,"href":"https:\/\/kapheus.com\/irish\/wp-json\/wp\/v2\/comments?post=12006"}],"wp:featuredmedia":[{"embeddable":true,"href":"https:\/\/kapheus.com\/irish\/wp-json\/wp\/v2\/media\/11998"}],"wp:attachment":[{"href":"https:\/\/kapheus.com\/irish\/wp-json\/wp\/v2\/media?parent=12006"}],"wp:term":[{"taxonomy":"product_brand","embeddable":true,"href":"https:\/\/kapheus.com\/irish\/wp-json\/wp\/v2\/product_brand?post=12006"},{"taxonomy":"product_cat","embeddable":true,"href":"https:\/\/kapheus.com\/irish\/wp-json\/wp\/v2\/product_cat?post=12006"},{"taxonomy":"product_tag","embeddable":true,"href":"https:\/\/kapheus.com\/irish\/wp-json\/wp\/v2\/product_tag?post=12006"}],"curies":[{"name":"wp","href":"https:\/\/api.w.org\/{rel}","templated":true}]}}