{"id":12002,"date":"2020-10-15T19:04:40","date_gmt":"2020-10-15T19:04:40","guid":{"rendered":"https:\/\/kapheus.com\/irish\/?post_type=product&#038;p=12002"},"modified":"2020-10-21T14:13:34","modified_gmt":"2020-10-21T14:13:34","slug":"cuairt-covid-arracht-gaeilge","status":"publish","type":"product","link":"https:\/\/kapheus.com\/irish\/product\/cuairt-covid-arracht-gaeilge\/","title":{"rendered":"Cuairt Covid Arracht &#8211; Gaeilge"},"content":{"rendered":"<p>\u00d3 l\u00e1mha sramacha go hord\u00f3ga\u00ed greamach, crutha\u00edonn Covid fadhbanna gach \u00e1it a mb\u00edonn s\u00e9. N\u00edl na p\u00e1ist\u00ed in ann imirt sna h\u00e1iteanna s\u00fagartha n\u00f3 cuairt a thabhairt ar a seantuismitheoir\u00ed, agus t\u00e1 siad ar b\u00eds ag s\u00fail leis l\u00e1 a ghlaonn a mh\u00e1thair air abhaile.<\/p>\n<p>Seo an ch\u00e9ad leabhar pict\u00fair \u00f3 Marguerite Tonery, s\u00edceola\u00ed a thugann taca\u00edocht do ph\u00e1ist\u00ed gan a bheith buartha faoin paind\u00e9im. Seo leabhar a ins\u00edonn do ph\u00e1\u00edst\u00ed nach ndearna siad rud ar bith m\u00edcheart, agus nach bhfuil s\u00e9 mar gheall orthusan nach bhfuil cead orthu cuairt a thabhairt ar a seantuismitheoir\u00ed, imirt le cairde n\u00f3 spraoi a bhaint as an saol.<\/p>\n","protected":false},"excerpt":{"rendered":"<p>\u00d3 l\u00e1mha sramacha go hord\u00f3ga\u00ed greamach, crutha\u00edonn Covid fadhbanna gach \u00e1it a mb\u00edonn s\u00e9. N\u00edl na p\u00e1ist\u00ed in ann imirt sna h\u00e1iteanna s\u00fagartha n\u00f3 cuairt a thabhairt ar a seantuismitheoir\u00ed, agus t\u00e1 siad ar b\u00eds ag s\u00fail leis l\u00e1 a [&hellip;]<\/p>\n","protected":false},"featured_media":12000,"comment_status":"open","ping_status":"closed","template":"","meta":{"_monsterinsights_skip_tracking":false,"_monsterinsights_sitenote_active":false,"_monsterinsights_sitenote_note":"","_monsterinsights_sitenote_category":0},"product_brand":[],"product_cat":[83,78,80],"product_tag":[],"class_list":{"0":"post-12002","1":"product","2":"type-product","3":"status-publish","4":"has-post-thumbnail","6":"product_cat-cuairt-covid","7":"product_cat-leabhair-do-phaisti","8":"product_cat-leabhar-pictiur","10":"first","11":"instock","12":"shipping-taxable","13":"purchasable","14":"product-type-simple"},"_links":{"self":[{"href":"https:\/\/kapheus.com\/irish\/wp-json\/wp\/v2\/product\/12002","targetHints":{"allow":["GET"]}}],"collection":[{"href":"https:\/\/kapheus.com\/irish\/wp-json\/wp\/v2\/product"}],"about":[{"href":"https:\/\/kapheus.com\/irish\/wp-json\/wp\/v2\/types\/product"}],"replies":[{"embeddable":true,"href":"https:\/\/kapheus.com\/irish\/wp-json\/wp\/v2\/comments?post=12002"}],"wp:featuredmedia":[{"embeddable":true,"href":"https:\/\/kapheus.com\/irish\/wp-json\/wp\/v2\/media\/12000"}],"wp:attachment":[{"href":"https:\/\/kapheus.com\/irish\/wp-json\/wp\/v2\/media?parent=12002"}],"wp:term":[{"taxonomy":"product_brand","embeddable":true,"href":"https:\/\/kapheus.com\/irish\/wp-json\/wp\/v2\/product_brand?post=12002"},{"taxonomy":"product_cat","embeddable":true,"href":"https:\/\/kapheus.com\/irish\/wp-json\/wp\/v2\/product_cat?post=12002"},{"taxonomy":"product_tag","embeddable":true,"href":"https:\/\/kapheus.com\/irish\/wp-json\/wp\/v2\/product_tag?post=12002"}],"curies":[{"name":"wp","href":"https:\/\/api.w.org\/{rel}","templated":true}]}}