{"id":10447,"date":"2015-08-07T11:18:29","date_gmt":"2015-08-07T11:18:29","guid":{"rendered":"http:\/\/localhost\/dmcs\/?page_id=10447"},"modified":"2025-09-03T16:56:34","modified_gmt":"2025-09-03T16:56:34","slug":"baile","status":"publish","type":"page","link":"https:\/\/kapheus.com\/irish\/","title":{"rendered":"Baile"},"content":{"rendered":"<section class=\"wpb-content-wrapper\"><p>[vc_row wrap_type=&#8221;in_container&#8221; css=&#8221;.vc_custom_1574869441575{margin-bottom: 0px !important;}&#8221;][vc_column width=&#8221;1\/2&#8243; el_class=&#8221;kaph_logo&#8221;][vc_raw_html]JTNDaW1nJTIwY2xhc3MlM0QlMjJzb2NpYWxzLWltZyUyMiUyMHNyYyUzRCUyMiUyRmlyaXNoJTJGd3AtY29udGVudCUyRnVwbG9hZHMlMkYyMDI1JTJGMDklMkZzb2NpYWxpY29ucy1zY2FsZWQuanBlZyUyMiUyMGFsdCUzRCUyMnNvY2lhbHMlMjIlMjB3aWR0aCUzRCUyMjEwMCUyNSUyMiUyMHVzZW1hcCUzRCUyMiUyM01hcCUyMiUyRiUzRSUwQSUzQ21hcCUyMG5hbWUlM0QlMjJNYXAlMjIlM0UlMEElMjAlMjAlM0NhcmVhJTIwc2hhcGUlM0QlMjJjaXJjbGUlMjIlMjBjb29yZHMlM0QlMjIxNzQlMkM5NyUyQzQyJTIyJTIwaHJlZiUzRCUyMmh0dHBzJTNBJTJGJTJGdHJpYmVzYXJ0aG91c2UuY29tJTIyJTIwdGFyZ2V0JTNEJTIyX2JsYW5rJTIyJTNFJTBBJTIwJTIwJTNDYXJlYSUyMHNoYXBlJTNEJTIyY2lyY2xlJTIyJTIwY29vcmRzJTNEJTIyMjgwJTJDNzAlMkMzMyUyMiUyMGhyZWYlM0QlMjJodHRwcyUzQSUyRiUyRnR3aXR0ZXIuY29tJTJGUHJlc3NUcmliZXMlMjIlMjB0YXJnZXQlM0QlMjJfYmxhbmslMjIlM0UlMEElMjAlMjAlM0NhcmVhJTIwc2hhcGUlM0QlMjJjaXJjbGUlMjIlMjBjb29yZHMlM0QlMjI0MDUlMkMxMTIlMkM2MCUyMiUyMGhyZWYlM0QlMjJodHRwcyUzQSUyRiUyRnd3dy5mYWNlYm9vay5jb20lMkZrYXBoZXVzJTJGJTIyJTIwdGFyZ2V0JTNEJTIyX2JsYW5rJTIyJTNFJTBBJTIwJTIwJTNDYXJlYSUyMHNoYXBlJTNEJTIyY2lyY2xlJTIyJTIwY29vcmRzJTNEJTIyNTExJTJDMTQyJTJDMjglMjIlMjBocmVmJTNEJTIyaHR0cHMlM0ElMkYlMkZrYXBoZXVzLmNvbSUyMiUzRSUwQSUyMCUyMCUzQ2FyZWElMjBzaGFwZSUzRCUyMmNpcmNsZSUyMiUyMGNvb3JkcyUzRCUyMjI3MCUyQzIwNiUyQzgwJTIyJTIwaHJlZiUzRCUyMmh0dHBzJTNBJTJGJTJGd3d3Lmluc3RhZ3JhbS5jb20lMkZtYXJndWVyaXRlX3RvbmVyeSUyMiUyMHRhcmdldCUzRCUyMl9ibGFuayUyMiUzRSUwQSUyMCUyMCUzQ2FyZWElMjBzaGFwZSUzRCUyMmNpcmNsZSUyMiUyMGNvb3JkcyUzRCUyMjQ1NiUyQzI3OCUyQzk5JTIyJTIwaHJlZiUzRCUyMmh0dHBzJTNBJTJGJTJGd3d3LnRpa3Rvay5jb20lMkYlNDBtYXJndWVyaXRlX3RvbmVyeSUzRiUyMiUyMHRhcmdldCUzRCUyMl9ibGFuayUyMiUzRSUwQSUyMCUyMCUzQ2FyZWElMjBzaGFwZSUzRCUyMmNpcmNsZSUyMiUyMGNvb3JkcyUzRCUyMjEyNSUyQzIxMiUyQzQ0JTIyJTIwaHJlZiUzRCUyMmh0dHBzJTNBJTJGJTJGdHJpYmVzcHJlc3MuY29tJTIyJTIwdGFyZ2V0JTNEJTIyX2JsYW5rJTIyJTNFJTBBJTIwJTIwJTNDYXJlYSUyMHNoYXBlJTNEJTIyY2lyY2xlJTIyJTIwY29vcmRzJTNEJTIyMTgwJTJDMzI5JTJDNDUlMjIlMjBocmVmJTNEJTIyaHR0cHMlM0ElMkYlMkZ3d3cueW91dHViZS5jb20lMkZjaGFubmVsJTJGVUNuVXZHN3dkbkUwcEtiQndMRDBjdDFnJTIyJTIwdGFyZ2V0JTNEJTIyX2JsYW5rJTIyJTNFJTBBJTIwJTIwJTNDYXJlYSUyMHNoYXBlJTNEJTIyY2lyY2xlJTIyJTIwY29vcmRzJTNEJTIyMzAyJTJDMzQ5JTJDNDglMjIlMjBocmVmJTNEJTIyaHR0cHMlM0ElMkYlMkZ3d3cubGlua2VkaW4uY29tJTJGaW4lMkZtYXJndWVyaXRlLXRvbmVyeS0zMjg5NjgyYiUyRiUyMiUyMHRhcmdldCUzRCUyMl9ibGFuayUyMiUzRSUwQSUzQyUyRm1hcCUzRQ==[\/vc_raw_html][vc_raw_html]JTNDZGl2JTIwY2xhc3MlM0QlMjJtb2JpbGUtZ3JpZCUyMiUzRSUwQSUzQ2ElMjBocmVmJTNEJTIyaHR0cHMlM0ElMkYlMkZ3d3cudGlrdG9rLmNvbSUyRiU0MG1hcmd1ZXJpdGVfdG9uZXJ5JTNGJTIyJTIwdGFyZ2V0JTNEX2JsYW5rJTNFJTNDaW1nJTIwY2xhc3MlM0QlMjJzb2NpYWxzLWltZy1tb2IlMjIlMjBzcmMlM0QlMjIlMkZpcmlzaCUyRndwLWNvbnRlbnQlMkZ1cGxvYWRzJTJGMjAyNSUyRjA5JTJGc29jaWFsaWNvbnMtc2NhbGVkLmpwZWclMjIlMjBhbHQlM0QlMjJzb2NpYWxzJTIyJTIwd2lkdGglM0QlMjIxMDAlMjUlMjIlMjAlMkYlM0UlM0MlMkZhJTNFJTIwJTBBJTNDJTJGZGl2JTNF[\/vc_raw_html][\/vc_column][vc_column width=&#8221;1\/2&#8243; el_class=&#8221;columno&#8221; css=&#8221;.vc_custom_1574869601118{padding-top: 30px !important;}&#8221;][rev_slider_vc alias=&#8221;kapheus-spirit&#8221; enable_paspartu=&#8221;no&#8221;][\/vc_column][\/vc_row][vc_row wrap_type=&#8221;in_container&#8221; el_class=&#8221;each-book-purchased&#8221;][vc_column el_class=&#8221;col-icon-border&#8221; css=&#8221;.vc_custom_1580210437412{padding-top: 0px !important;padding-bottom: 30px !important;}&#8221;][vc_column_text]<\/p>\n<h2 style=\"text-align: center;\">S\u00edneoidh an t-\u00fadar gach leabhar a cheann\u00f3idh t\u00fa le teachtaireacht speisialta don duine m\u00f3r i do shaol.<\/h2>\n<p>[\/vc_column_text][\/vc_column][\/vc_row][vc_row][vc_column width=&#8221;1\/2&#8243; offset=&#8221;vc_hidden-lg vc_hidden-md vc_hidden-sm vc_hidden-xs&#8221;][vc_raw_html]JTNDYSUyMGhyZWYlM0QlMjJodHRwcyUzQSUyRiUyRmthcGhldXMuY29tJTJGaXJpc2glMjIlM0UlMEElM0NkaXYlMjBjbGFzcyUzRCUyMmltYWdlLWNvbnRhaW5lciUyMiUzRSUwQSUyMCUyMCUyMCUyMCUzQ2ltZyUyMHNyYyUzRCUyMmh0dHBzJTNBJTJGJTJGa2FwaGV1cy5jb20lMkZ3cC1jb250ZW50JTJGdXBsb2FkcyUyRjIwMjAlMkYwOSUyRlNjcmVlbnNob3QtMjAyMC0wOS0xMS1hdC0xNi4yMS4wMy5wbmclMjIlM0UlMEElMjAlMjAlMjAlMjAlM0NkaXYlMjBjbGFzcyUzRCUyMmltYWdlLXRleHQlMjIlM0UlM0NoNCUzRU1lZGl0YXRpb24lM0NiciUzRVRyYWNrcyUzQyUyRmg0JTNFJTNDJTJGZGl2JTNFJTBBJTNDJTJGZGl2JTNFJTBBJTNDJTJGYSUzRQ==[\/vc_raw_html][\/vc_column][vc_column width=&#8221;1\/2&#8243; offset=&#8221;vc_hidden-lg vc_hidden-md vc_hidden-sm vc_hidden-xs&#8221;][vc_raw_html]JTNDYSUyMGhyZWYlM0QlMjJodHRwcyUzQSUyRiUyRmthcGhldXMuY29tJTJGaXJpc2glMkZzaG9wJTJGJTIyJTNFJTBBJTNDZGl2JTIwY2xhc3MlM0QlMjJpbWFnZS1jb250YWluZXIlMjIlM0UlMEElMjAlMjAlMjAlMjAlM0NpbWclMjBzcmMlM0QlMjJodHRwcyUzQSUyRiUyRmthcGhldXMuY29tJTJGd3AtY29udGVudCUyRnVwbG9hZHMlMkYyMDIwJTJGMDUlMkY5NzgxOTEyNDQxMjY2LXNjYWxlZC5qcGclMjIlM0UlMEElMjAlMjAlMjAlMjAlM0NkaXYlMjBjbGFzcyUzRCUyMmltYWdlLXRleHQlMjIlM0UlM0NoNCUzRUJvb2tzJTNDJTJGaDQlM0UlM0MlMkZkaXYlM0UlMEElM0MlMkZkaXYlM0UlMEElM0MlMkZhJTNF[\/vc_raw_html][\/vc_column][\/vc_row][vc_row][vc_column width=&#8221;1\/3&#8243;][vc_single_image image=&#8221;13723&#8243; img_size=&#8221;full&#8221; onclick=&#8221;custom_link&#8221; title=&#8221;Meditation Tracks&#8221; link=&#8221;#&#8221; el_class=&#8221;bookshop&#8221;][\/vc_column][vc_column width=&#8221;1\/3&#8243;][\/vc_column][vc_column width=&#8221;1\/3&#8243;][vc_single_image image=&#8221;13722&#8243; img_size=&#8221;full&#8221; onclick=&#8221;custom_link&#8221; title=&#8221;Books&#8221; link=&#8221;\/irish\/shop&#8221; el_class=&#8221;bookshop&#8221;][\/vc_column][\/vc_row][vc_row wrap_type=&#8221;in_container&#8221;][vc_column][vc_custom_heading text=&#8221;ATHBHREITHNITHE&#8221; font_container=&#8221;tag:h2|text_align:center&#8221; use_theme_fonts=&#8221;yes&#8221; use_heading_style=&#8221;yes&#8221;][vc_tta_pageable no_fill_content_area=&#8221;1&#8243; autoplay=&#8221;20&#8243; active_section=&#8221;1&#8243; pagination_style=&#8221;outline-square&#8221; pagination_color=&#8221;black&#8221;][vc_tta_section title=&#8221;Section 1&#8243; tab_id=&#8221;1574783839713-424e0862-204c&#8221;][vc_column_text]<\/p>\n<blockquote>\n<p style=\"text-align: left; font-size: 18px; padding-left: 40px;\">&#8220;Last night myself and Faol\u00e1n finished Kapheus Water. Before we went to sleep most nights we devoured at least one chapter. Each night as I closed the book Faol\u00e1n said NOOOOOOOOO! because he never wanted the story to end!&#8221;<\/p>\n<p style=\"text-align: center; font-size: 18px;\">Polly and Faol\u00e1n<\/p>\n<\/blockquote>\n<p>[\/vc_column_text][\/vc_tta_section][vc_tta_section title=&#8221;Section 2&#8243; tab_id=&#8221;1574783839753-abea5f68-07d3&#8243;][vc_column_text]<\/p>\n<blockquote>\n<p style=\"text-align: left; padding-left: 40px; font-size: 18px;\">&#8220;I have the two books finished in four days, because I am reading them so much. I have a shelf where I put all my best books I&#8217;ve read on it! They include Percy Jackson, Harry Potter, Alex Rider and Kapheus.&#8221;<\/p>\n<p style=\"text-align: center; font-size: 18px;\">Dara, Aged 10.<\/p>\n<\/blockquote>\n<p>[\/vc_column_text][\/vc_tta_section][vc_tta_section title=&#8221;Section&#8221; tab_id=&#8221;1574783925203-d124dbb2-282e&#8221;][vc_column_text]<\/p>\n<blockquote>\n<p style=\"padding-left: 40px; font-size: 18px;\">&#8220;We were so honoured and delighted to have Marguerite and her team in our school today to launch her latest novel Kapheus Fire. We even had the privilege of having Marguerite read to us as we all sat around her and listened to her every word!<br \/>\nThank you, Marguerite for all the lovely compliments you paid our school! We are delighted to have you in our school anytime!&#8221;<\/p>\n<p style=\"text-align: center; font-size: 18px;\">St. Nicolas&#8217; Primary School, Galway<\/p>\n<\/blockquote>\n<p>[\/vc_column_text][\/vc_tta_section][vc_tta_section title=&#8221;Section&#8221; tab_id=&#8221;1574783971105-997abe40-c360&#8243;][vc_column_text]<\/p>\n<blockquote>\n<p style=\"padding-left: 40px; font-size: 18px;\">&#8220;People who enjoy myths and legends, as well as Harry Potter fans, would love this book, which is much more mysterious, and a little bit darker than the previous two in the series [\u2026] The book has a sense of old mythology to it, with curious druids. I like this because it adds another layer to the story, while keeping the magical feel of the series.&#8221;<\/p>\n<p style=\"text-align: center; font-size: 18px;\">Eabha Kelly, Galway Independent<\/p>\n<\/blockquote>\n<p>[\/vc_column_text][\/vc_tta_section][vc_tta_section title=&#8221;Section&#8221; tab_id=&#8221;1695027344672-b3284bcb-cba4&#8243;][vc_column_text]It is one of the books that has been a guiding light for me in the last few years. It&#8217;s a children&#8217;s story book, but really it is suitable for any age group. I recommend it for anyone looking for some mindfulness techniques and fun adventure. &#8211; Ciara Finnerty (Irish Singer-Songwriter)[\/vc_column_text][\/vc_tta_section][\/vc_tta_pageable][\/vc_column][\/vc_row]<\/p>\n<\/section>","protected":false},"excerpt":{"rendered":"<p>[vc_row wrap_type=&#8221;in_container&#8221; css=&#8221;.vc_custom_1574869441575{margin-bottom: 0px !important;}&#8221;][vc_column width=&#8221;1\/2&#8243; el_class=&#8221;kaph_logo&#8221;][vc_raw_html]JTNDaW1nJTIwY2xhc3MlM0QlMjJzb2NpYWxzLWltZyUyMiUyMHNyYyUzRCUyMiUyRmlyaXNoJTJGd3AtY29udGVudCUyRnVwbG9hZHMlMkYyMDI1JTJGMDklMkZzb2NpYWxpY29ucy1zY2FsZWQuanBlZyUyMiUyMGFsdCUzRCUyMnNvY2lhbHMlMjIlMjB3aWR0aCUzRCUyMjEwMCUyNSUyMiUyMHVzZW1hcCUzRCUyMiUyM01hcCUyMiUyRiUzRSUwQSUzQ21hcCUyMG5hbWUlM0QlMjJNYXAlMjIlM0UlMEElMjAlMjAlM0NhcmVhJTIwc2hhcGUlM0QlMjJjaXJjbGUlMjIlMjBjb29yZHMlM0QlMjIxNzQlMkM5NyUyQzQyJTIyJTIwaHJlZiUzRCUyMmh0dHBzJTNBJTJGJTJGdHJpYmVzYXJ0aG91c2UuY29tJTIyJTIwdGFyZ2V0JTNEJTIyX2JsYW5rJTIyJTNFJTBBJTIwJTIwJTNDYXJlYSUyMHNoYXBlJTNEJTIyY2lyY2xlJTIyJTIwY29vcmRzJTNEJTIyMjgwJTJDNzAlMkMzMyUyMiUyMGhyZWYlM0QlMjJodHRwcyUzQSUyRiUyRnR3aXR0ZXIuY29tJTJGUHJlc3NUcmliZXMlMjIlMjB0YXJnZXQlM0QlMjJfYmxhbmslMjIlM0UlMEElMjAlMjAlM0NhcmVhJTIwc2hhcGUlM0QlMjJjaXJjbGUlMjIlMjBjb29yZHMlM0QlMjI0MDUlMkMxMTIlMkM2MCUyMiUyMGhyZWYlM0QlMjJodHRwcyUzQSUyRiUyRnd3dy5mYWNlYm9vay5jb20lMkZrYXBoZXVzJTJGJTIyJTIwdGFyZ2V0JTNEJTIyX2JsYW5rJTIyJTNFJTBBJTIwJTIwJTNDYXJlYSUyMHNoYXBlJTNEJTIyY2lyY2xlJTIyJTIwY29vcmRzJTNEJTIyNTExJTJDMTQyJTJDMjglMjIlMjBocmVmJTNEJTIyaHR0cHMlM0ElMkYlMkZrYXBoZXVzLmNvbSUyMiUzRSUwQSUyMCUyMCUzQ2FyZWElMjBzaGFwZSUzRCUyMmNpcmNsZSUyMiUyMGNvb3JkcyUzRCUyMjI3MCUyQzIwNiUyQzgwJTIyJTIwaHJlZiUzRCUyMmh0dHBzJTNBJTJGJTJGd3d3Lmluc3RhZ3JhbS5jb20lMkZtYXJndWVyaXRlX3RvbmVyeSUyMiUyMHRhcmdldCUzRCUyMl9ibGFuayUyMiUzRSUwQSUyMCUyMCUzQ2FyZWElMjBzaGFwZSUzRCUyMmNpcmNsZSUyMiUyMGNvb3JkcyUzRCUyMjQ1NiUyQzI3OCUyQzk5JTIyJTIwaHJlZiUzRCUyMmh0dHBzJTNBJTJGJTJGd3d3LnRpa3Rvay5jb20lMkYlNDBtYXJndWVyaXRlX3RvbmVyeSUzRiUyMiUyMHRhcmdldCUzRCUyMl9ibGFuayUyMiUzRSUwQSUyMCUyMCUzQ2FyZWElMjBzaGFwZSUzRCUyMmNpcmNsZSUyMiUyMGNvb3JkcyUzRCUyMjEyNSUyQzIxMiUyQzQ0JTIyJTIwaHJlZiUzRCUyMmh0dHBzJTNBJTJGJTJGdHJpYmVzcHJlc3MuY29tJTIyJTIwdGFyZ2V0JTNEJTIyX2JsYW5rJTIyJTNFJTBBJTIwJTIwJTNDYXJlYSUyMHNoYXBlJTNEJTIyY2lyY2xlJTIyJTIwY29vcmRzJTNEJTIyMTgwJTJDMzI5JTJDNDUlMjIlMjBocmVmJTNEJTIyaHR0cHMlM0ElMkYlMkZ3d3cueW91dHViZS5jb20lMkZjaGFubmVsJTJGVUNuVXZHN3dkbkUwcEtiQndMRDBjdDFnJTIyJTIwdGFyZ2V0JTNEJTIyX2JsYW5rJTIyJTNFJTBBJTIwJTIwJTNDYXJlYSUyMHNoYXBlJTNEJTIyY2lyY2xlJTIyJTIwY29vcmRzJTNEJTIyMzAyJTJDMzQ5JTJDNDglMjIlMjBocmVmJTNEJTIyaHR0cHMlM0ElMkYlMkZ3d3cubGlua2VkaW4uY29tJTJGaW4lMkZtYXJndWVyaXRlLXRvbmVyeS0zMjg5NjgyYiUyRiUyMiUyMHRhcmdldCUzRCUyMl9ibGFuayUyMiUzRSUwQSUzQyUyRm1hcCUzRQ==[\/vc_raw_html][vc_raw_html]JTNDZGl2JTIwY2xhc3MlM0QlMjJtb2JpbGUtZ3JpZCUyMiUzRSUwQSUzQ2ElMjBocmVmJTNEJTIyaHR0cHMlM0ElMkYlMkZ3d3cudGlrdG9rLmNvbSUyRiU0MG1hcmd1ZXJpdGVfdG9uZXJ5JTNGJTIyJTIwdGFyZ2V0JTNEX2JsYW5rJTNFJTNDaW1nJTIwY2xhc3MlM0QlMjJzb2NpYWxzLWltZy1tb2IlMjIlMjBzcmMlM0QlMjIlMkZpcmlzaCUyRndwLWNvbnRlbnQlMkZ1cGxvYWRzJTJGMjAyNSUyRjA5JTJGc29jaWFsaWNvbnMtc2NhbGVkLmpwZWclMjIlMjBhbHQlM0QlMjJzb2NpYWxzJTIyJTIwd2lkdGglM0QlMjIxMDAlMjUlMjIlMjAlMkYlM0UlM0MlMkZhJTNFJTIwJTBBJTNDJTJGZGl2JTNF[\/vc_raw_html][\/vc_column][vc_column width=&#8221;1\/2&#8243; el_class=&#8221;columno&#8221; css=&#8221;.vc_custom_1574869601118{padding-top: 30px !important;}&#8221;][rev_slider_vc alias=&#8221;kapheus-spirit&#8221; enable_paspartu=&#8221;no&#8221;][\/vc_column][\/vc_row][vc_row wrap_type=&#8221;in_container&#8221; el_class=&#8221;each-book-purchased&#8221;][vc_column el_class=&#8221;col-icon-border&#8221; css=&#8221;.vc_custom_1580210437412{padding-top: 0px !important;padding-bottom: 30px !important;}&#8221;][vc_column_text] S\u00edneoidh an t-\u00fadar gach leabhar a cheann\u00f3idh t\u00fa le teachtaireacht speisialta don duine m\u00f3r i do shaol. [\/vc_column_text][\/vc_column][\/vc_row][vc_row][vc_column [&hellip;]<\/p>\n","protected":false},"author":1,"featured_media":0,"parent":0,"menu_order":0,"comment_status":"closed","ping_status":"closed","template":"","meta":{"_monsterinsights_skip_tracking":false,"_monsterinsights_sitenote_active":false,"_monsterinsights_sitenote_note":"","_monsterinsights_sitenote_category":0,"footnotes":""},"class_list":["post-10447","page","type-page","status-publish","hentry"],"_links":{"self":[{"href":"https:\/\/kapheus.com\/irish\/wp-json\/wp\/v2\/pages\/10447","targetHints":{"allow":["GET"]}}],"collection":[{"href":"https:\/\/kapheus.com\/irish\/wp-json\/wp\/v2\/pages"}],"about":[{"href":"https:\/\/kapheus.com\/irish\/wp-json\/wp\/v2\/types\/page"}],"author":[{"embeddable":true,"href":"https:\/\/kapheus.com\/irish\/wp-json\/wp\/v2\/users\/1"}],"replies":[{"embeddable":true,"href":"https:\/\/kapheus.com\/irish\/wp-json\/wp\/v2\/comments?post=10447"}],"version-history":[{"count":119,"href":"https:\/\/kapheus.com\/irish\/wp-json\/wp\/v2\/pages\/10447\/revisions"}],"predecessor-version":[{"id":12113,"href":"https:\/\/kapheus.com\/irish\/wp-json\/wp\/v2\/pages\/10447\/revisions\/12113"}],"wp:attachment":[{"href":"https:\/\/kapheus.com\/irish\/wp-json\/wp\/v2\/media?parent=10447"}],"curies":[{"name":"wp","href":"https:\/\/api.w.org\/{rel}","templated":true}]}}