{"id":12055,"date":"2020-10-15T19:20:03","date_gmt":"2020-10-15T19:20:03","guid":{"rendered":"https:\/\/kapheus.com\/german\/?post_type=product&#038;p=12055"},"modified":"2020-10-22T12:53:47","modified_gmt":"2020-10-22T12:53:47","slug":"la-visita-del-monstruo-covid-espanol","status":"publish","type":"product","link":"https:\/\/kapheus.com\/german\/product\/la-visita-del-monstruo-covid-espanol\/","title":{"rendered":"La Visita del Monstruo Covid &#8211; Espa\u00f1ol"},"content":{"rendered":"<p>Con sus manos sudorosas y sus dedos de los pies pegajosos, el monstruo Covid causa problemas por todos lados. Los ni\u00f1os del mundo entero ya no pueden jugar en los parques ni pueden visitar a sus abuelos. Est\u00e1n deseando a que la mam\u00e1 del monstruo Covid le llame para volver a su casa.<\/p>\n<p>Es el primer libro con im\u00e1genes de Marguerite Tonery, psic\u00f3loga, para ayudar ayuda a los ni\u00f1os a interiorizar lo que pasa durante esta pandemia. Es un libro que explica a los m\u00e1s peque\u00f1os que no han hecho nada malo, que no es culpa suya si no pueden ver a sus abuelos, si no pueden jugar con los amigos y hacer todas las cosas divertidas que les gustan.<\/p>\n","protected":false},"excerpt":{"rendered":"<p>Con sus manos sudorosas y sus dedos de los pies pegajosos, el monstruo Covid causa problemas por todos lados. Los ni\u00f1os del mundo entero ya no pueden jugar en los parques ni pueden visitar a sus abuelos. Est\u00e1n deseando a [&hellip;]<\/p>\n","protected":false},"featured_media":12051,"comment_status":"open","ping_status":"closed","template":"","meta":{"_monsterinsights_skip_tracking":false,"_monsterinsights_sitenote_active":false,"_monsterinsights_sitenote_note":"","_monsterinsights_sitenote_category":0},"product_brand":[],"product_cat":[79,78],"product_tag":[],"class_list":{"0":"post-12055","1":"product","2":"type-product","3":"status-publish","4":"has-post-thumbnail","6":"product_cat-bilderbucher","7":"product_cat-kinderbucher","9":"first","10":"instock","11":"shipping-taxable","12":"purchasable","13":"product-type-simple"},"_links":{"self":[{"href":"https:\/\/kapheus.com\/german\/wp-json\/wp\/v2\/product\/12055","targetHints":{"allow":["GET"]}}],"collection":[{"href":"https:\/\/kapheus.com\/german\/wp-json\/wp\/v2\/product"}],"about":[{"href":"https:\/\/kapheus.com\/german\/wp-json\/wp\/v2\/types\/product"}],"replies":[{"embeddable":true,"href":"https:\/\/kapheus.com\/german\/wp-json\/wp\/v2\/comments?post=12055"}],"wp:featuredmedia":[{"embeddable":true,"href":"https:\/\/kapheus.com\/german\/wp-json\/wp\/v2\/media\/12051"}],"wp:attachment":[{"href":"https:\/\/kapheus.com\/german\/wp-json\/wp\/v2\/media?parent=12055"}],"wp:term":[{"taxonomy":"product_brand","embeddable":true,"href":"https:\/\/kapheus.com\/german\/wp-json\/wp\/v2\/product_brand?post=12055"},{"taxonomy":"product_cat","embeddable":true,"href":"https:\/\/kapheus.com\/german\/wp-json\/wp\/v2\/product_cat?post=12055"},{"taxonomy":"product_tag","embeddable":true,"href":"https:\/\/kapheus.com\/german\/wp-json\/wp\/v2\/product_tag?post=12055"}],"curies":[{"name":"wp","href":"https:\/\/api.w.org\/{rel}","templated":true}]}}