{"id":12039,"date":"2020-10-15T16:38:47","date_gmt":"2020-10-15T16:38:47","guid":{"rendered":"https:\/\/kapheus.com\/german\/?post_type=product&#038;p=12039"},"modified":"2021-09-30T08:23:08","modified_gmt":"2021-09-30T08:23:08","slug":"kapheus-first-three-gift-box","status":"publish","type":"product","link":"https:\/\/kapheus.com\/german\/product\/kapheus-first-three-gift-box\/","title":{"rendered":"Kapheus I, II, III"},"content":{"rendered":"<p>Die Kapheus Trilogie ist eine Geschenk mit den ersten drei B\u00e4nden der Kapheus-Reihe. Die Trilogie ist das perfekte Geschenk f\u00fcr ein Kind, das die Reihe noch nicht kennt und die Geschichte gerne lesen m\u00f6chte.<\/p>\n<p>NB: Die B\u00fccher sind auf Englisch geschrieben.<\/p>\n","protected":false},"excerpt":{"rendered":"<p>Die Kapheus Trilogie ist eine Geschenk mit den ersten drei B\u00e4nden der Kapheus-Reihe. Die Trilogie ist das perfekte Geschenk f\u00fcr ein Kind, das die Reihe noch nicht kennt und die Geschichte gerne lesen m\u00f6chte. NB: Die B\u00fccher sind auf Englisch [&hellip;]<\/p>\n","protected":false},"featured_media":12237,"comment_status":"open","ping_status":"closed","template":"","meta":{"_monsterinsights_skip_tracking":false,"_monsterinsights_sitenote_active":false,"_monsterinsights_sitenote_note":"","_monsterinsights_sitenote_category":0},"product_brand":[],"product_cat":[80,49],"product_tag":[],"class_list":{"0":"post-12039","1":"product","2":"type-product","3":"status-publish","4":"has-post-thumbnail","6":"product_cat-belletristik-8-12","7":"product_cat-kapheus-reihe","9":"first","10":"instock","11":"shipping-taxable","12":"purchasable","13":"product-type-simple"},"_links":{"self":[{"href":"https:\/\/kapheus.com\/german\/wp-json\/wp\/v2\/product\/12039","targetHints":{"allow":["GET"]}}],"collection":[{"href":"https:\/\/kapheus.com\/german\/wp-json\/wp\/v2\/product"}],"about":[{"href":"https:\/\/kapheus.com\/german\/wp-json\/wp\/v2\/types\/product"}],"replies":[{"embeddable":true,"href":"https:\/\/kapheus.com\/german\/wp-json\/wp\/v2\/comments?post=12039"}],"wp:featuredmedia":[{"embeddable":true,"href":"https:\/\/kapheus.com\/german\/wp-json\/wp\/v2\/media\/12237"}],"wp:attachment":[{"href":"https:\/\/kapheus.com\/german\/wp-json\/wp\/v2\/media?parent=12039"}],"wp:term":[{"taxonomy":"product_brand","embeddable":true,"href":"https:\/\/kapheus.com\/german\/wp-json\/wp\/v2\/product_brand?post=12039"},{"taxonomy":"product_cat","embeddable":true,"href":"https:\/\/kapheus.com\/german\/wp-json\/wp\/v2\/product_cat?post=12039"},{"taxonomy":"product_tag","embeddable":true,"href":"https:\/\/kapheus.com\/german\/wp-json\/wp\/v2\/product_tag?post=12039"}],"curies":[{"name":"wp","href":"https:\/\/api.w.org\/{rel}","templated":true}]}}