{"id":11155,"date":"2017-07-12T09:37:39","date_gmt":"2017-07-12T09:37:39","guid":{"rendered":"http:\/\/projects.caresortsolutions.com\/margueritetonery\/?page_id=11155"},"modified":"2023-11-29T10:17:51","modified_gmt":"2023-11-29T10:17:51","slug":"speaking","status":"publish","type":"page","link":"https:\/\/kapheus.com\/german\/speaking\/","title":{"rendered":"Speaking"},"content":{"rendered":"<section class=\"wpb-content-wrapper\"><p>[vc_row][vc_column width=&#8221;1\/2&#8243;]<div class=\"qodef-section-title-holder  qodef-st-standard \" style=\"text-align: center\">\n\t<div class=\"qodef-st-inner\">\n\t\t\t\t\t\t\t<h2 class=\"qodef-st-title\" >\n\t\t\t\tVortragstermine\t\t\t<\/h2>\n\t\t\t\t\t\t\t\t<span class=\"qodef-separator\" ><\/span>\n\t\t\t<\/div>\n<\/div>[vc_column_text]<\/p>\n<h4>In den letzten Jahren wurde ich von verschiedenen Gruppen nach Vortr\u00e4gen gefragt &#8211; von denen mit speziellen Bed\u00fcrfnissen, \u00fcber Sportler:innen und Firmenkund:innen bis hin zur allgemeinen \u00d6ffentlichkeit.\u00a0Bei allen Vortr\u00e4gen gebe ich mein Bestes um v\u00f6llig present zu sein und die Bed\u00fcrfnisse derer, die sich die Zeit nehmen zu meinen Vortr\u00e4gen zu kommen, zu verstehen. Es ist mir eine Ehre f\u00fcr Sie sprechen zu d\u00fcrfen und daher w\u00fcrde ich mich freuen einen Vortrag bei einem Event in Ihrer N\u00e4he halten zu d\u00fcrfen.<\/h4>\n<p>[\/vc_column_text][\/vc_column][vc_column width=&#8221;1\/2&#8243;][vc_single_image image=&#8221;13709&#8243; img_size=&#8221;full&#8221; alignment=&#8221;center&#8221;][\/vc_column][\/vc_row][vc_row][vc_column][vc_column_text]<\/p>\n<p>&nbsp;<\/p>\n<p>&nbsp;<\/p>\n<p>[\/vc_column_text][vc_column_text]<style type='text\/css' media='all'>#tss-container-2967234469.tss-wrapper .tss-layout10 .item-content-wrapper,\r\n\t\t\t\t\t#tss-container-2967234469.tss-wrapper .tss-isotope3 .item-content-wrapper,\r\n\t\t\t\t\t#tss-container-2967234469.tss-wrapper .tss-isotope5 .item-content-wrapper,\r\n\t\t\t\t\t#tss-container-2967234469.tss-wrapper .tss-carousel10 .item-content-wrapper{background: transparent;}<\/style><div class='rt-container-fluid tss-wrapper ' id='tss-container-2967234469'  data-layout='carousel3' data-desktop-col='1'  data-tab-col='1'  data-mobile-col='1'><div data-title='Loading ...' class='rt-row tss-carousel3 tss-even tss-pre-loader'><div class=\"carousel-wrapper\"><div  class='tss-carousel swiper'\r\n\t\t\t\t\t\t\t\t\t\tdata-loop='true'\r\n\t\t\t\t\t\t\t\t\t\tdata-items-desktop='1'\r\n\t\t\t\t\t\t\t\t\t\tdata-items-tab='1'\r\n\t\t\t\t\t\t\t\t\t\tdata-items-mobile='1'\r\n\t\t\t\t\t\t\t\t\t\tdata-autoplay='true'\r\n\t\t\t\t\t\t\t\t\t\tdata-autoplay-timeout='2000'\r\n\t\t\t\t\t\t\t\t\t\tdata-autoplay-hover-pause='true'\r\n\t\t\t\t\t\t\t\t\t\tdata-dots='false'\r\n\t\t\t\t\t\t\t\t\t\tdata-nav='false'\r\n\t\t\t\t\t\t\t\t\t\tdata-lazy-load='false'\r\n\t\t\t\t\t\t\t\t\t\tdata-auto-height='false'\r\n\t\t\t\t\t\t\t\t\t\tdata-smart-speed='2000'\r\n\t\t\t\t\t\t\t\t\t\t><div class=\"swiper-wrapper\"><div class='rt-col-md-12 rt-col-sm-12 rt-col-xs-12 even-grid-item tss-grid-item slide-item swiper-slide even-grid-item default-margin'><div class=\"single-item-wrapper\"><div class=\"tss-meta-info\"><\/div><div class=\"item-content-wrapper\"><div class='item-content'><h4 class=\"oIy2qc\" data-message-text=\"You are an intelligent and affable person with a positive attitude. I very much enjoy your rationale when asked difficult questions\">You are an intelligent and affable person with a positive attitude. I very much enjoy your rationale when asked difficult questions<\/h4>\n<\/div><\/div><\/div><\/div><div class='rt-col-md-12 rt-col-sm-12 rt-col-xs-12 even-grid-item tss-grid-item slide-item swiper-slide even-grid-item default-margin'><div class=\"single-item-wrapper\"><div class=\"tss-meta-info\"><\/div><div class=\"item-content-wrapper\"><div class='item-content'><h4 class=\"oIy2qc\" data-message-text=\"You put everything to right and you\u2019re amazing at what you do\">You put everything to right and you\u2019re amazing at what you do<\/h4>\n<\/div><\/div><\/div><\/div><div class='rt-col-md-12 rt-col-sm-12 rt-col-xs-12 even-grid-item tss-grid-item slide-item swiper-slide even-grid-item default-margin'><div class=\"single-item-wrapper\"><div class=\"tss-meta-info\"><\/div><div class=\"item-content-wrapper\"><div class='item-content'><h4 class=\"oIy2qc\" data-message-text=\"I love the soothing sound of your voice\">I love the soothing sound of your voice<\/h4>\n<\/div><\/div><\/div><\/div><div class='rt-col-md-12 rt-col-sm-12 rt-col-xs-12 even-grid-item tss-grid-item slide-item swiper-slide even-grid-item default-margin'><div class=\"single-item-wrapper\"><div class=\"tss-meta-info\"><\/div><div class=\"item-content-wrapper\"><div class='item-content'><h4 class=\"oIy2qc\" data-message-text=\"The advice you give is amazing so much so I\u2019ve ordered your journal\">The advice you give is amazing, so much so, I\u2019ve ordered your journal<\/h4>\n<\/div><\/div><\/div><\/div><div class='rt-col-md-12 rt-col-sm-12 rt-col-xs-12 even-grid-item tss-grid-item slide-item swiper-slide even-grid-item default-margin'><div class=\"single-item-wrapper\"><div class=\"tss-meta-info\"><\/div><div class=\"item-content-wrapper\"><div class='item-content'><h4 class=\"oIy2qc\" data-message-text=\"You are interesting, refined and an excellent presenter\">You are interesting, refined and an excellent presenter.<\/h4>\n<\/div><\/div><\/div><\/div><div class='rt-col-md-12 rt-col-sm-12 rt-col-xs-12 even-grid-item tss-grid-item slide-item swiper-slide even-grid-item default-margin'><div class=\"single-item-wrapper\"><div class=\"tss-meta-info\"><\/div><div class=\"item-content-wrapper\"><div class='item-content'><h4 class=\"oIy2qc\" data-message-text=\"You did a post one time about narcissism, I listened to you and came away feeling better about my situation\">I listened to you and came away feeling better about my situation.<\/h4>\n<\/div><\/div><\/div><\/div><div class='rt-col-md-12 rt-col-sm-12 rt-col-xs-12 even-grid-item tss-grid-item slide-item swiper-slide even-grid-item default-margin'><div class=\"single-item-wrapper\"><div class=\"tss-meta-info\"><\/div><div class=\"item-content-wrapper\"><div class='item-content'><h4 class=\"oIy2qc\" data-message-text=\"You\u2019ve a very calming presence.\">You\u2019ve a very calming presence<\/h4>\n<\/div><\/div><\/div><\/div><div class='rt-col-md-12 rt-col-sm-12 rt-col-xs-12 even-grid-item tss-grid-item slide-item swiper-slide even-grid-item default-margin'><div class=\"single-item-wrapper\"><div class=\"tss-meta-info\"><\/div><div class=\"item-content-wrapper\"><div class='item-content'><h4 class=\"oIy2qc\" data-message-text=\"I love hearing what you have to say and seeing your life. You project intelligence and serenity.\">I love hearing what you have to say and seeing your life. You project intelligence and serenity.<\/h4>\n<\/div><\/div><\/div><\/div><div class='rt-col-md-12 rt-col-sm-12 rt-col-xs-12 even-grid-item tss-grid-item slide-item swiper-slide even-grid-item default-margin'><div class=\"single-item-wrapper\"><div class=\"tss-meta-info\"><\/div><div class=\"item-content-wrapper\"><div class='item-content'><h4 dir=\"auto\">I could listen to your voice reading a cereal box and be happy. Beautiful.<\/h4>\n<\/div><\/div><\/div><\/div><\/div><\/div><\/div><div class=\"rt-loading-overlay\"><\/div><div class=\"rt-loading rt-ball-clip-rotate\"><div><\/div><\/div><\/div><\/div>[\/vc_column_text][\/vc_column][\/vc_row][vc_row][vc_column][\/vc_column][\/vc_row]<\/p>\n<\/section>","protected":false},"excerpt":{"rendered":"<p>[vc_row][vc_column width=&#8221;1\/2&#8243;][vc_column_text] In den letzten Jahren wurde ich von verschiedenen Gruppen nach Vortr\u00e4gen gefragt &#8211; von denen mit speziellen Bed\u00fcrfnissen, \u00fcber Sportler:innen und Firmenkund:innen bis hin zur allgemeinen \u00d6ffentlichkeit.\u00a0Bei allen Vortr\u00e4gen gebe ich mein Bestes um v\u00f6llig present zu sein [&hellip;]<\/p>\n","protected":false},"author":8,"featured_media":0,"parent":0,"menu_order":0,"comment_status":"closed","ping_status":"closed","template":"","meta":{"_monsterinsights_skip_tracking":false,"_monsterinsights_sitenote_active":false,"_monsterinsights_sitenote_note":"","_monsterinsights_sitenote_category":0,"footnotes":""},"class_list":["post-11155","page","type-page","status-publish","hentry"],"_links":{"self":[{"href":"https:\/\/kapheus.com\/german\/wp-json\/wp\/v2\/pages\/11155","targetHints":{"allow":["GET"]}}],"collection":[{"href":"https:\/\/kapheus.com\/german\/wp-json\/wp\/v2\/pages"}],"about":[{"href":"https:\/\/kapheus.com\/german\/wp-json\/wp\/v2\/types\/page"}],"author":[{"embeddable":true,"href":"https:\/\/kapheus.com\/german\/wp-json\/wp\/v2\/users\/8"}],"replies":[{"embeddable":true,"href":"https:\/\/kapheus.com\/german\/wp-json\/wp\/v2\/comments?post=11155"}],"version-history":[{"count":26,"href":"https:\/\/kapheus.com\/german\/wp-json\/wp\/v2\/pages\/11155\/revisions"}],"predecessor-version":[{"id":13758,"href":"https:\/\/kapheus.com\/german\/wp-json\/wp\/v2\/pages\/11155\/revisions\/13758"}],"wp:attachment":[{"href":"https:\/\/kapheus.com\/german\/wp-json\/wp\/v2\/media?parent=11155"}],"curies":[{"name":"wp","href":"https:\/\/api.w.org\/{rel}","templated":true}]}}