{"id":173,"date":"2015-05-02T07:37:54","date_gmt":"2015-05-02T07:37:54","guid":{"rendered":"http:\/\/localhost\/wordpress\/wp_vicky\/?post_type=product&#038;p=173"},"modified":"2023-05-15T09:54:00","modified_gmt":"2023-05-15T09:54:00","slug":"kapheus-water","status":"publish","type":"product","link":"https:\/\/kapheus.com\/french\/product\/kapheus-water\/","title":{"rendered":"Kapheus Water &#8211; Tome 3"},"content":{"rendered":"<p>The shiny silver cylinder contained the ancient symbols of Kapheus along its length \u2013 the dragon guarding the entrance, the wolf howling, the woods and the great oak tree, the rivers and the sea, and at its peak stood the unicorn.<br \/>\nThe smell of adventure was in the air, and as soon as Elisa and Jamie set foot on Kapheus, the time of water had begun.<br \/>\nThe fantastical world of light awaits you if you dare to cast yourself upon the wild seas, the pirates\u2019 ships, and the great Kaphien plains.<\/p>\n<p><em>Kapheus Water<\/em> parle d&#8217;amour, de pertes et de solidarit\u00e9. Il aide les enfants \u00e0 d\u00e9velopper leur force mentale face \u00e0 l&#8217;adversit\u00e9.<\/p>\n","protected":false},"excerpt":{"rendered":"<p>&#8220;J&#8217;ai vol\u00e9 la vie de la d\u00e9esse d&#8217;Irlande&#8221;.<\/p>\n<p>Kapheus Water est le troisi\u00e8me tome d&#8217;une collection de livre sur l&#8217;aventure et la fantaisie.<\/p>\n<p>&nbsp;<\/p>\n<p><strong>Nos offres sp\u00e9ciales !<\/strong><\/p>\n<p><strong>Re\u00e7ois un marque page gratuit de ton choix \u00e0 chaque achat de deux livres.<\/strong><\/p>\n<p><strong>Re\u00e7ois une carte de remerciement gratuite \u00e0 chaque achat de trois livres. <\/strong><\/p>\n","protected":false},"featured_media":13751,"comment_status":"open","ping_status":"closed","template":"","meta":{"_exactmetrics_skip_tracking":false,"_exactmetrics_sitenote_active":false,"_exactmetrics_sitenote_note":"","_exactmetrics_sitenote_category":0,"_monsterinsights_skip_tracking":false,"_monsterinsights_sitenote_active":false,"_monsterinsights_sitenote_note":"","_monsterinsights_sitenote_category":0},"product_brand":[],"product_cat":[49,80,78],"product_tag":[],"class_list":{"0":"post-173","1":"product","2":"type-product","3":"status-publish","4":"has-post-thumbnail","6":"product_cat-kapheus-series","7":"product_cat-fiction-8-12","8":"product_cat-livres-pour-enfants","10":"first","11":"instock","12":"featured","13":"shipping-taxable","14":"purchasable","15":"product-type-simple"},"_links":{"self":[{"href":"https:\/\/kapheus.com\/french\/wp-json\/wp\/v2\/product\/173","targetHints":{"allow":["GET"]}}],"collection":[{"href":"https:\/\/kapheus.com\/french\/wp-json\/wp\/v2\/product"}],"about":[{"href":"https:\/\/kapheus.com\/french\/wp-json\/wp\/v2\/types\/product"}],"replies":[{"embeddable":true,"href":"https:\/\/kapheus.com\/french\/wp-json\/wp\/v2\/comments?post=173"}],"wp:featuredmedia":[{"embeddable":true,"href":"https:\/\/kapheus.com\/french\/wp-json\/wp\/v2\/media\/13751"}],"wp:attachment":[{"href":"https:\/\/kapheus.com\/french\/wp-json\/wp\/v2\/media?parent=173"}],"wp:term":[{"taxonomy":"product_brand","embeddable":true,"href":"https:\/\/kapheus.com\/french\/wp-json\/wp\/v2\/product_brand?post=173"},{"taxonomy":"product_cat","embeddable":true,"href":"https:\/\/kapheus.com\/french\/wp-json\/wp\/v2\/product_cat?post=173"},{"taxonomy":"product_tag","embeddable":true,"href":"https:\/\/kapheus.com\/french\/wp-json\/wp\/v2\/product_tag?post=173"}],"curies":[{"name":"wp","href":"https:\/\/api.w.org\/{rel}","templated":true}]}}