{"id":12277,"date":"2020-10-22T14:34:52","date_gmt":"2020-10-22T14:34:52","guid":{"rendered":"https:\/\/kapheus.com\/french\/?post_type=product&#038;p=12277"},"modified":"2023-04-26T15:18:59","modified_gmt":"2023-04-26T15:18:59","slug":"la-visite-de-covid-monstre-2","status":"publish","type":"product","link":"https:\/\/kapheus.com\/french\/product\/la-visite-de-covid-monstre-2\/","title":{"rendered":"La Visite de Covid Monstre"},"content":{"rendered":"<p>Avec ses mains poisseuses et ses orteils visqueux, Covid Monstre cause des probl\u00e8mes partout o\u00f9 il va. Les enfants du monde entier ne peuvent plus jouer sur les terrains de jeux ou rendre visite \u00e0 leurs grands-parents et ils ne peuvent pas attendre que la m\u00e8re de Covid Monstre l&#8217;appelle chez lui.<\/p>\n<p>C&#8217;est le premier livre d&#8217;images de Marguerite Tonery, qui, en tant que psychologue, aide les enfants \u00e0 ne pas int\u00e9rioriser ce qui se passe durant cette pand\u00e9mie. C&#8217;est un livre qui dit aux enfants qu&#8217;ils n&#8217;ont rien fait de mal et que ce n&#8217;est pas \u00e0 cause d&#8217;eux qu&#8217;ils n&#8217;ont pas le droit de voir leurs grands-parents, de jouer avec leurs amis et de faire toutes les choses amusantes qu&#8217;ils aiment.<\/p>\n","protected":false},"excerpt":{"rendered":"<p>Avec ses mains poisseuses et ses orteils visqueux, Covid Monstre cause des probl\u00e8mes partout o\u00f9 il va. Les enfants du monde entier ne peuvent plus jouer sur les terrains de jeux ou rendre visite \u00e0 leurs grands-parents et ils ne peuvent pas attendre que la m\u00e8re de Covid Monstre l&#8217;appelle chez lui.<\/p>\n<p>C&#8217;est le premier livre d&#8217;images de Marguerite Tonery, qui, en tant que psychologue, aide les enfants \u00e0 ne pas int\u00e9rioriser ce qui se passe durant cette pand\u00e9mie. C&#8217;est un livre qui dit aux enfants qu&#8217;ils n&#8217;ont rien fait de mal et que ce n&#8217;est pas \u00e0 cause d&#8217;eux qu&#8217;ils n&#8217;ont pas le droit de voir leurs grands-parents, de jouer avec leurs amis et de faire toutes les choses amusantes qu&#8217;ils aiment.<\/p>\n","protected":false},"featured_media":12259,"comment_status":"open","ping_status":"closed","template":"","meta":{"_exactmetrics_skip_tracking":false,"_exactmetrics_sitenote_active":false,"_exactmetrics_sitenote_note":"","_exactmetrics_sitenote_category":0,"_monsterinsights_skip_tracking":false,"_monsterinsights_sitenote_active":false,"_monsterinsights_sitenote_note":"","_monsterinsights_sitenote_category":0},"product_brand":[],"product_cat":[79,78],"product_tag":[],"class_list":{"0":"post-12277","1":"product","2":"type-product","3":"status-publish","4":"has-post-thumbnail","6":"product_cat-albums-illustres","7":"product_cat-livres-pour-enfants","9":"first","10":"instock","11":"shipping-taxable","12":"purchasable","13":"product-type-simple"},"_links":{"self":[{"href":"https:\/\/kapheus.com\/french\/wp-json\/wp\/v2\/product\/12277","targetHints":{"allow":["GET"]}}],"collection":[{"href":"https:\/\/kapheus.com\/french\/wp-json\/wp\/v2\/product"}],"about":[{"href":"https:\/\/kapheus.com\/french\/wp-json\/wp\/v2\/types\/product"}],"replies":[{"embeddable":true,"href":"https:\/\/kapheus.com\/french\/wp-json\/wp\/v2\/comments?post=12277"}],"wp:featuredmedia":[{"embeddable":true,"href":"https:\/\/kapheus.com\/french\/wp-json\/wp\/v2\/media\/12259"}],"wp:attachment":[{"href":"https:\/\/kapheus.com\/french\/wp-json\/wp\/v2\/media?parent=12277"}],"wp:term":[{"taxonomy":"product_brand","embeddable":true,"href":"https:\/\/kapheus.com\/french\/wp-json\/wp\/v2\/product_brand?post=12277"},{"taxonomy":"product_cat","embeddable":true,"href":"https:\/\/kapheus.com\/french\/wp-json\/wp\/v2\/product_cat?post=12277"},{"taxonomy":"product_tag","embeddable":true,"href":"https:\/\/kapheus.com\/french\/wp-json\/wp\/v2\/product_tag?post=12277"}],"curies":[{"name":"wp","href":"https:\/\/api.w.org\/{rel}","templated":true}]}}