{"id":12265,"date":"2020-10-15T19:39:03","date_gmt":"2020-10-15T19:39:03","guid":{"rendered":"https:\/\/kapheus.com\/french\/?post_type=product&#038;p=12265"},"modified":"2023-04-26T15:29:44","modified_gmt":"2023-04-26T15:29:44","slug":"la-visita-del-monstruo-covid-espanol","status":"publish","type":"product","link":"https:\/\/kapheus.com\/french\/product\/la-visita-del-monstruo-covid-espanol\/","title":{"rendered":"La Visita del Monstruo Covid &#8211; Espagnol"},"content":{"rendered":"<p>Con sus manos sudorosas y sus dedos de los pies pegajosos, el monstruo Covid causa problemas por todos lados. Los ni\u00f1os del mundo entero ya no pueden jugar en los parques ni pueden visitar a sus abuelos. Est\u00e1n deseando a que la mam\u00e1 del monstruo Covid le llame para volver a su casa.<\/p>\n<p>Es el primer libro con im\u00e1genes de Marguerite Tonery, psic\u00f3loga, para ayudar ayuda a los ni\u00f1os a interiorizar lo que pasa durante esta pandemia. Es un libro que explica a los m\u00e1s peque\u00f1os que no han hecho nada malo, que no es culpa suya si no pueden ver a sus abuelos, si no pueden jugar con los amigos y hacer todas las cosas divertidas que les gustan.<\/p>\n<p>&nbsp;<\/p>\n<p>Livre traduit de l&#8217;anglais vers l&#8217;espagnol.<\/p>\n","protected":false},"excerpt":{"rendered":"<p>Con sus manos sudorosas y sus dedos de los pies pegajosos, el monstruo Covid causa problemas por todos lados. Los ni\u00f1os del mundo entero ya no pueden jugar en los parques ni pueden visitar a sus abuelos. Est\u00e1n deseando a que la mam\u00e1 del monstruo Covid le llame para volver a su casa.<\/p>\n<p>Es el primer libro con im\u00e1genes de Marguerite Tonery, psic\u00f3loga, para ayudar ayuda a los ni\u00f1os a interiorizar lo que pasa durante esta pandemia. Es un libro que explica a los m\u00e1s peque\u00f1os que no han hecho nada malo, que no es culpa suya si no pueden ver a sus abuelos, si no pueden jugar con los amigos y hacer todas las cosas divertidas que les gustan.<\/p>\n","protected":false},"featured_media":12261,"comment_status":"open","ping_status":"closed","template":"","meta":{"_exactmetrics_skip_tracking":false,"_exactmetrics_sitenote_active":false,"_exactmetrics_sitenote_note":"","_exactmetrics_sitenote_category":0,"_monsterinsights_skip_tracking":false,"_monsterinsights_sitenote_active":false,"_monsterinsights_sitenote_note":"","_monsterinsights_sitenote_category":0},"product_brand":[],"product_cat":[77],"product_tag":[],"class_list":{"0":"post-12265","1":"product","2":"type-product","3":"status-publish","4":"has-post-thumbnail","6":"product_cat-uncategorized","8":"first","9":"instock","10":"shipping-taxable","11":"purchasable","12":"product-type-simple"},"_links":{"self":[{"href":"https:\/\/kapheus.com\/french\/wp-json\/wp\/v2\/product\/12265","targetHints":{"allow":["GET"]}}],"collection":[{"href":"https:\/\/kapheus.com\/french\/wp-json\/wp\/v2\/product"}],"about":[{"href":"https:\/\/kapheus.com\/french\/wp-json\/wp\/v2\/types\/product"}],"replies":[{"embeddable":true,"href":"https:\/\/kapheus.com\/french\/wp-json\/wp\/v2\/comments?post=12265"}],"wp:featuredmedia":[{"embeddable":true,"href":"https:\/\/kapheus.com\/french\/wp-json\/wp\/v2\/media\/12261"}],"wp:attachment":[{"href":"https:\/\/kapheus.com\/french\/wp-json\/wp\/v2\/media?parent=12265"}],"wp:term":[{"taxonomy":"product_brand","embeddable":true,"href":"https:\/\/kapheus.com\/french\/wp-json\/wp\/v2\/product_brand?post=12265"},{"taxonomy":"product_cat","embeddable":true,"href":"https:\/\/kapheus.com\/french\/wp-json\/wp\/v2\/product_cat?post=12265"},{"taxonomy":"product_tag","embeddable":true,"href":"https:\/\/kapheus.com\/french\/wp-json\/wp\/v2\/product_tag?post=12265"}],"curies":[{"name":"wp","href":"https:\/\/api.w.org\/{rel}","templated":true}]}}