{"id":12251,"date":"2020-10-15T17:13:55","date_gmt":"2020-10-15T17:13:55","guid":{"rendered":"https:\/\/kapheus.com\/french\/?post_type=product&#038;p=12251"},"modified":"2023-05-15T09:50:58","modified_gmt":"2023-05-15T09:50:58","slug":"kapheus-final-three-gift-box","status":"publish","type":"product","link":"https:\/\/kapheus.com\/french\/product\/kapheus-final-three-gift-box\/","title":{"rendered":"Coffret des trois derniers Tome Kapheus"},"content":{"rendered":"<p>Le\u00a0<strong>\u2018Coffret des trois derniers Tome Kapheus\u2019<\/strong>\u00a0contient les trois derniers tomes de la s\u00e9rie Kapheus ainsi que le dernier tome sorti Kapheus Time. Les tomes sont tous d\u00e9dicac\u00e9s par l\u2019autrice. Un petit message personnalis\u00e9 vous sera \u00e9galement offert.<\/p>\n<p>Laissez moi vous conter les avis des lecteurs de la s\u00e9rie Kapheus :<\/p>\n<p>\u201c Je vous \u00e9cris afin de vous partager \u00e0 quel point j\u2019adore la s\u00e9rie Kapheus.Quand cette lettre vous arrivera, j\u2019aurai probablement fini de lire les trois premiers tomes. A l\u2019heure o\u00f9 je vous \u00e9crit, j\u2019ai d\u00e9j\u00e0 lu deux livres en quatre jours, parce que je les adore\u2026\u201d Dara, 10 ans.<\/p>\n<p>\u201cAlors, hier soir nous avons fini Kapheus Water Fallen et moi. Nous avons commenc\u00e9 notre lecture \u00e0 No\u00ebl avec le tome 1 Kapheus Earth. La plupart du temps avant de nous coucher, on d\u00e9vorait au moins un chapitre. A chaque fois que je fermais le livre avant de me coucher, Fallen disait \u201cNOOOON\u201d! Parce qu\u2019il ne voulait pas que l\u2019histoire se finisse.\u201d Polly (et Faol\u00e1n)<\/p>\n","protected":false},"excerpt":{"rendered":"<p>Le\u00a0\u2018Coffret des trois derniers Tome Kapheus\u2019\u00a0contient les trois derniers tomes de la s\u00e9rie Kapheus ainsi que le dernier tome sorti Kapheus Time. Les tomes sont tous d\u00e9dicac\u00e9s par l\u2019autrice. Un petit message personnalis\u00e9 vous sera \u00e9galement offert. Laissez moi vous [&hellip;]<\/p>\n","protected":false},"featured_media":13749,"comment_status":"open","ping_status":"closed","template":"","meta":{"_exactmetrics_skip_tracking":false,"_exactmetrics_sitenote_active":false,"_exactmetrics_sitenote_note":"","_exactmetrics_sitenote_category":0,"_monsterinsights_skip_tracking":false,"_monsterinsights_sitenote_active":false,"_monsterinsights_sitenote_note":"","_monsterinsights_sitenote_category":0},"product_brand":[],"product_cat":[81,49,78],"product_tag":[],"class_list":{"0":"post-12251","1":"product","2":"type-product","3":"status-publish","4":"has-post-thumbnail","6":"product_cat-adolescents-et-jeunes-adultes","7":"product_cat-kapheus-series","8":"product_cat-livres-pour-enfants","10":"first","11":"instock","12":"shipping-taxable","13":"purchasable","14":"product-type-simple"},"_links":{"self":[{"href":"https:\/\/kapheus.com\/french\/wp-json\/wp\/v2\/product\/12251","targetHints":{"allow":["GET"]}}],"collection":[{"href":"https:\/\/kapheus.com\/french\/wp-json\/wp\/v2\/product"}],"about":[{"href":"https:\/\/kapheus.com\/french\/wp-json\/wp\/v2\/types\/product"}],"replies":[{"embeddable":true,"href":"https:\/\/kapheus.com\/french\/wp-json\/wp\/v2\/comments?post=12251"}],"wp:featuredmedia":[{"embeddable":true,"href":"https:\/\/kapheus.com\/french\/wp-json\/wp\/v2\/media\/13749"}],"wp:attachment":[{"href":"https:\/\/kapheus.com\/french\/wp-json\/wp\/v2\/media?parent=12251"}],"wp:term":[{"taxonomy":"product_brand","embeddable":true,"href":"https:\/\/kapheus.com\/french\/wp-json\/wp\/v2\/product_brand?post=12251"},{"taxonomy":"product_cat","embeddable":true,"href":"https:\/\/kapheus.com\/french\/wp-json\/wp\/v2\/product_cat?post=12251"},{"taxonomy":"product_tag","embeddable":true,"href":"https:\/\/kapheus.com\/french\/wp-json\/wp\/v2\/product_tag?post=12251"}],"curies":[{"name":"wp","href":"https:\/\/api.w.org\/{rel}","templated":true}]}}