{"id":12101,"date":"2019-11-26T13:09:13","date_gmt":"2019-11-26T13:09:13","guid":{"rendered":"https:\/\/kapheus.com\/french\/?post_type=product&#038;p=12101"},"modified":"2023-04-26T15:34:29","modified_gmt":"2023-04-26T15:34:29","slug":"la-bouteille-reutilisable-kapheus","status":"publish","type":"product","link":"https:\/\/kapheus.com\/french\/product\/la-bouteille-reutilisable-kapheus\/","title":{"rendered":"Gourde Kapheus"},"content":{"rendered":"<section class=\"wpb-content-wrapper\"><p>[vc_row][vc_column][vc_column_text]<span style=\"font-weight: 400;\">Une gourde en \u00e9dition limit\u00e9e parfaitement design\u00e9e pour tous les plus grands fans de la collection Kapheus. R\u00e9sistante, l\u00e9g\u00e8re et faite de plastique recycl\u00e9, cette gourde est parfaite pour toutes vos aventures et m\u00eame pour aller \u00e0 l\u2019\u00e9cole.\u00a0<\/span><\/p>\n<p>&nbsp;<\/p>\n<p><span style=\"font-weight: 400;\">Volume: 650 ml\u00a0<\/span>[\/vc_column_text][\/vc_column][\/vc_row]<\/p>\n<\/section>","protected":false},"excerpt":{"rendered":"<p><span style=\"font-weight: 400;\">Une gourde en \u00e9dition limit\u00e9e parfaitement design\u00e9e pour tous les plus grands fans de la collection Kapheus. R\u00e9sistante, l\u00e9g\u00e8re et faite de plastique recycl\u00e9, cette gourde est parfaite pour toutes vos aventures et m\u00eame pour aller \u00e0 l\u2019\u00e9cole.\u00a0<\/span><\/p>\n<p>&nbsp;<\/p>\n<p><span style=\"font-weight: 400;\">Volume: 650 ml\u00a0<\/span><\/p>\n","protected":false},"featured_media":12102,"comment_status":"open","ping_status":"closed","template":"","meta":{"_exactmetrics_skip_tracking":false,"_exactmetrics_sitenote_active":false,"_exactmetrics_sitenote_note":"","_exactmetrics_sitenote_category":0,"_monsterinsights_skip_tracking":false,"_monsterinsights_sitenote_active":false,"_monsterinsights_sitenote_note":"","_monsterinsights_sitenote_category":0},"product_brand":[],"product_cat":[49],"product_tag":[],"class_list":{"0":"post-12101","1":"product","2":"type-product","3":"status-publish","4":"has-post-thumbnail","6":"product_cat-kapheus-series","8":"first","9":"instock","10":"featured","11":"shipping-taxable","12":"purchasable","13":"product-type-simple"},"_links":{"self":[{"href":"https:\/\/kapheus.com\/french\/wp-json\/wp\/v2\/product\/12101","targetHints":{"allow":["GET"]}}],"collection":[{"href":"https:\/\/kapheus.com\/french\/wp-json\/wp\/v2\/product"}],"about":[{"href":"https:\/\/kapheus.com\/french\/wp-json\/wp\/v2\/types\/product"}],"replies":[{"embeddable":true,"href":"https:\/\/kapheus.com\/french\/wp-json\/wp\/v2\/comments?post=12101"}],"wp:featuredmedia":[{"embeddable":true,"href":"https:\/\/kapheus.com\/french\/wp-json\/wp\/v2\/media\/12102"}],"wp:attachment":[{"href":"https:\/\/kapheus.com\/french\/wp-json\/wp\/v2\/media?parent=12101"}],"wp:term":[{"taxonomy":"product_brand","embeddable":true,"href":"https:\/\/kapheus.com\/french\/wp-json\/wp\/v2\/product_brand?post=12101"},{"taxonomy":"product_cat","embeddable":true,"href":"https:\/\/kapheus.com\/french\/wp-json\/wp\/v2\/product_cat?post=12101"},{"taxonomy":"product_tag","embeddable":true,"href":"https:\/\/kapheus.com\/french\/wp-json\/wp\/v2\/product_tag?post=12101"}],"curies":[{"name":"wp","href":"https:\/\/api.w.org\/{rel}","templated":true}]}}