{"id":12089,"date":"2019-11-26T12:31:33","date_gmt":"2019-11-26T12:31:33","guid":{"rendered":"https:\/\/kapheus.com\/french\/?post_type=product&#038;p=12089"},"modified":"2023-04-26T15:14:51","modified_gmt":"2023-04-26T15:14:51","slug":"kapheus-spirit-livre-5","status":"publish","type":"product","link":"https:\/\/kapheus.com\/french\/product\/kapheus-spirit-livre-5\/","title":{"rendered":"Kapheus Spirit &#8211; Tome 5"},"content":{"rendered":"<section class=\"wpb-content-wrapper\"><p>[vc_row][vc_column][vc_column_text]<em>&#8216;I am all things in all places,&#8217; the Messenger said and those very words stroke fear into the hearts of Kaphiens.\u00a0<\/em><\/p>\n<p>The ancient trees of the Kaphien woodlands have waited far too long and have united to summon the Messenger from the depths of the spirit world to herald a new dawn. In \u00c9ire, Elisa and Jamie have both reached the coming of age, and their mother calls upon Ailistr\u00edona, the gnome of great powers, to create the seoid an fh \u00e1idh for each of them.<br \/>\nYet, in the time the Children of Light were in \u00c9ire, Kapheus has grown still and fear has swept through the land. Elisa and Jamie are not safe to enter Kapheus, and when the boundary between the two worlds closes, they are left trapped inside forever.<br \/>\nWill the Children of Light find a way back to \u00c9ire?[\/vc_column_text][\/vc_column][\/vc_row]<\/p>\n<\/section>","protected":false},"excerpt":{"rendered":"<p>&nbsp;<\/p>\n<p><em>&#8216;I am all things in all places,&#8217; the Messenger said and those very words stroke fear into the hearts of Kaphiens.\u00a0<\/em><\/p>\n<p>The ancient trees of the Kaphien woodlands have waited far too long and have united to summon the Messenger from the depths of the spirit world to herald a new dawn. In \u00c9ire, Elisa and Jamie have both reached the coming of age, and their mother calls upon Ailistr\u00edona, the gnome of great powers, to create the seoid an fh \u00e1idh for each of them.<br \/>\nYet, in the time the Children of Light were in \u00c9ire, Kapheus has grown still and fear has swept through the land. Elisa and Jamie are not safe to enter Kapheus, and when the boundary between the two worlds closes, they are left trapped inside forever.<br \/>\nWill the Children of Light find a way back to \u00c9ire?<\/p>\n<p>&nbsp;<\/p>\n<p><span style=\"font-weight: 400;\">Nos offres sp\u00e9ciales !\u00a0<\/span><\/p>\n<p><span style=\"font-weight: 400;\">Re\u00e7ois un marque page gratuit de ton choix \u00e0 chaque achat de deux livres.\u00a0<\/span><\/p>\n<p><span style=\"font-weight: 400;\">Re\u00e7ois une carte de remerciement gratuite \u00e0 chaque achat de trois livres.\u00a0<\/span><\/p>\n","protected":false},"featured_media":12090,"comment_status":"open","ping_status":"closed","template":"","meta":{"_exactmetrics_skip_tracking":false,"_exactmetrics_sitenote_active":false,"_exactmetrics_sitenote_note":"","_exactmetrics_sitenote_category":0,"_monsterinsights_skip_tracking":false,"_monsterinsights_sitenote_active":false,"_monsterinsights_sitenote_note":"","_monsterinsights_sitenote_category":0},"product_brand":[],"product_cat":[81,49,80,78],"product_tag":[],"class_list":{"0":"post-12089","1":"product","2":"type-product","3":"status-publish","4":"has-post-thumbnail","6":"product_cat-adolescents-et-jeunes-adultes","7":"product_cat-kapheus-series","8":"product_cat-fiction-8-12","9":"product_cat-livres-pour-enfants","11":"first","12":"instock","13":"featured","14":"shipping-taxable","15":"purchasable","16":"product-type-simple"},"_links":{"self":[{"href":"https:\/\/kapheus.com\/french\/wp-json\/wp\/v2\/product\/12089","targetHints":{"allow":["GET"]}}],"collection":[{"href":"https:\/\/kapheus.com\/french\/wp-json\/wp\/v2\/product"}],"about":[{"href":"https:\/\/kapheus.com\/french\/wp-json\/wp\/v2\/types\/product"}],"replies":[{"embeddable":true,"href":"https:\/\/kapheus.com\/french\/wp-json\/wp\/v2\/comments?post=12089"}],"wp:featuredmedia":[{"embeddable":true,"href":"https:\/\/kapheus.com\/french\/wp-json\/wp\/v2\/media\/12090"}],"wp:attachment":[{"href":"https:\/\/kapheus.com\/french\/wp-json\/wp\/v2\/media?parent=12089"}],"wp:term":[{"taxonomy":"product_brand","embeddable":true,"href":"https:\/\/kapheus.com\/french\/wp-json\/wp\/v2\/product_brand?post=12089"},{"taxonomy":"product_cat","embeddable":true,"href":"https:\/\/kapheus.com\/french\/wp-json\/wp\/v2\/product_cat?post=12089"},{"taxonomy":"product_tag","embeddable":true,"href":"https:\/\/kapheus.com\/french\/wp-json\/wp\/v2\/product_tag?post=12089"}],"curies":[{"name":"wp","href":"https:\/\/api.w.org\/{rel}","templated":true}]}}