{"id":5113,"date":"2015-04-09T03:31:06","date_gmt":"2015-04-09T03:31:06","guid":{"rendered":"http:\/\/localhost\/wordpress\/wp_vicky\/?page_id=4"},"modified":"2023-05-10T18:03:00","modified_gmt":"2023-05-10T18:03:00","slug":"my-story","status":"publish","type":"page","link":"https:\/\/kapheus.com\/french\/my-story\/","title":{"rendered":"Mon histoire"},"content":{"rendered":"<section class=\"wpb-content-wrapper\"><p>[vc_row content_placement=&#8221;middle&#8221; wrap_type=&#8221;in_container&#8221;][vc_column][vc_custom_heading text=&#8221;Qui suis-je ?&#8221; font_container=&#8221;tag:h1|text_align:center&#8221;][\/vc_column][\/vc_row][vc_row wrap_type=&#8221;in_container&#8221;][vc_column width=&#8221;1\/2&#8243;][vc_single_image image=&#8221;13712&#8243; img_size=&#8221;full&#8221; style=&#8221;vc_box_shadow_border&#8221;][\/vc_column][vc_column width=&#8221;1\/2&#8243;][vc_column_text]<span style=\"font-weight: 400;\">Je m&#8217;appelle Marguerite Tonery et je suis la fondatrice de la maison d&#8217;\u00e9dition Tribes Press, qui est la premi\u00e8re maison d&#8217;\u00e9dition multilingue en Irlande. Mais l&#8217;histoire ne s&#8217;arr\u00eate pas l\u00e0, et elle ne fait que commencer. Je me suis r\u00e9invent\u00e9e plus de fois que je ne peux m&#8217;en souvenir. Premi\u00e8rement, j\u2019ai obtenu un dipl\u00f4me de biochimie avec mention. J&#8217;ai ensuite d\u00e9cid\u00e9 d&#8217;en apprendre davantage sur le lien entre le corps et l&#8217;esprit, ce qui m\u2019a men\u00e9e \u00e0 retourner \u00e0 l&#8217;universit\u00e9 pour \u00e9tudier la psychologie afin de me sp\u00e9cialiser dans la psychologie de la sant\u00e9. De plus, j&#8217;ai pratiqu\u00e9 et enseign\u00e9 des techniques m\u00e9ditatives pendant plusieurs ann\u00e9es, toujours dans le but de compl\u00e9ter mes connaissances sur le lien entre le corps et l&#8217;esprit.<\/span><\/p>\n<p><span style=\"font-weight: 400;\">Comment tout cela a-t-il commenc\u00e9 ? \u00c0 l&#8217;\u00e2ge de sept ans, j&#8217;ai d\u00e9cid\u00e9 de tracer mon propre chemin : j&#8217;\u00e9tais d\u00e9termin\u00e9e \u00e0 rendre ma vie des plus merveilleuses. Les choses n&#8217;ont pas exactement march\u00e9 comme je l&#8217;avais envisag\u00e9, mais mon objectif final \u00e9tait d\u2019atteindre le bonheur et l&#8217;\u00e9panouissement, et j&#8217;y suis parvenue. Se contenter de ce que l&#8217;on est tout en recherchant ce que l&#8217;on veut est la plus belle fa\u00e7on de vivre, c\u2019est pourquoi j&#8217;aimerais partager avec vous ce que j&#8217;ai appris au fil du temps afin que vous puissiez vous aussi atteindre votre bonheur et votre \u00e9panouissement. Dans mes livres pour enfants tout comme dans mon nouveau journal s\u2019adressant aux adultes, intitul\u00e9 <\/span><span style=\"font-weight: 400;\">The Transformation Journal Part 1<\/span><span style=\"font-weight: 400;\">, je propose des solutions \u00e0 des probl\u00e8mes du quotidien. Que ce soit \u00e0 travers la vie des elfes et des dragons de mes histoires pour enfants ou dans la dynamique familiale de mon journal destin\u00e9e aux adultes, je suis s\u00fbre que vous trouverez votre bonheur.<\/span><\/p>\n<p>Marguerite Tonery<\/p>\n<ul class=\"scl_icns\">\n<li><a class=\"btn btn-primary lookbook-action\" href=\"https:\/\/www.facebook.com\/kapheus\/\"><i class=\"fa fa-facebook-official\" aria-hidden=\"true\"><!--code--><\/i> Facebook<\/a><\/li>\n<li><a class=\"btn btn-primary lookbook-action\" href=\"https:\/\/www.linkedin.com\/in\/marguerite-tonery-3289682b\/\"><i class=\"fa fa-linkedin-square\" aria-hidden=\"true\"><!--code--><\/i> Linkedin<\/a><\/li>\n<li><a class=\"btn btn-primary lookbook-action\" href=\"https:\/\/www.instagram.com\/marguerite_tonery\/\"><i class=\"fa fa-instagram\" aria-hidden=\"true\"><!--code--><\/i> Instagram<\/a><\/li>\n<\/ul>\n<p>[\/vc_column_text][\/vc_column][\/vc_row]<\/p>\n<\/section>","protected":false},"excerpt":{"rendered":"<p>[vc_row content_placement=&#8221;middle&#8221; wrap_type=&#8221;in_container&#8221;][vc_column][vc_custom_heading text=&#8221;Qui suis-je ?&#8221; font_container=&#8221;tag:h1|text_align:center&#8221;][\/vc_column][\/vc_row][vc_row wrap_type=&#8221;in_container&#8221;][vc_column width=&#8221;1\/2&#8243;][vc_single_image image=&#8221;13712&#8243; img_size=&#8221;full&#8221; style=&#8221;vc_box_shadow_border&#8221;][\/vc_column][vc_column width=&#8221;1\/2&#8243;][vc_column_text]Je m&#8217;appelle Marguerite Tonery et je suis la fondatrice de la maison d&#8217;\u00e9dition Tribes Press, qui est la premi\u00e8re maison d&#8217;\u00e9dition multilingue en Irlande. Mais l&#8217;histoire ne s&#8217;arr\u00eate [&hellip;]<\/p>\n","protected":false},"author":1,"featured_media":0,"parent":0,"menu_order":0,"comment_status":"closed","ping_status":"open","template":"","meta":{"_exactmetrics_skip_tracking":false,"_exactmetrics_sitenote_active":false,"_exactmetrics_sitenote_note":"","_exactmetrics_sitenote_category":0,"_monsterinsights_skip_tracking":false,"_monsterinsights_sitenote_active":false,"_monsterinsights_sitenote_note":"","_monsterinsights_sitenote_category":0,"footnotes":""},"class_list":["post-5113","page","type-page","status-publish","hentry"],"_links":{"self":[{"href":"https:\/\/kapheus.com\/french\/wp-json\/wp\/v2\/pages\/5113","targetHints":{"allow":["GET"]}}],"collection":[{"href":"https:\/\/kapheus.com\/french\/wp-json\/wp\/v2\/pages"}],"about":[{"href":"https:\/\/kapheus.com\/french\/wp-json\/wp\/v2\/types\/page"}],"author":[{"embeddable":true,"href":"https:\/\/kapheus.com\/french\/wp-json\/wp\/v2\/users\/1"}],"replies":[{"embeddable":true,"href":"https:\/\/kapheus.com\/french\/wp-json\/wp\/v2\/comments?post=5113"}],"version-history":[{"count":44,"href":"https:\/\/kapheus.com\/french\/wp-json\/wp\/v2\/pages\/5113\/revisions"}],"predecessor-version":[{"id":13745,"href":"https:\/\/kapheus.com\/french\/wp-json\/wp\/v2\/pages\/5113\/revisions\/13745"}],"wp:attachment":[{"href":"https:\/\/kapheus.com\/french\/wp-json\/wp\/v2\/media?parent=5113"}],"curies":[{"name":"wp","href":"https:\/\/api.w.org\/{rel}","templated":true}]}}