{"id":11155,"date":"2017-07-12T09:37:39","date_gmt":"2017-07-12T09:37:39","guid":{"rendered":"http:\/\/projects.caresortsolutions.com\/margueritetonery\/?page_id=11155"},"modified":"2023-05-10T11:08:44","modified_gmt":"2023-05-10T11:08:44","slug":"speaking","status":"publish","type":"page","link":"https:\/\/kapheus.com\/french\/speaking\/","title":{"rendered":"Conf\u00e9rences"},"content":{"rendered":"<section class=\"wpb-content-wrapper\"><p>[vc_row][vc_column width=&#8221;1\/2&#8243;]<div class=\"qodef-section-title-holder  qodef-st-standard \" style=\"text-align: center\">\n\t<div class=\"qodef-st-inner\">\n\t\t\t\t\t\t\t<h2 class=\"qodef-st-title\" >\n\t\t\t\tConf\u00e9rences\t\t\t<\/h2>\n\t\t\t\t\t\t\t\t<span class=\"qodef-separator\" ><\/span>\n\t\t\t<\/div>\n<\/div>[vc_column_text]<\/p>\n<h4>Au cours de ces derni\u00e8res ann\u00e9es, il m&#8217;a \u00e9t\u00e9 demand\u00e9 de m&#8217;adresser \u00e0 des groupes vari\u00e9s, qu&#8217;il s&#8217;agisse de personnes ayant des besoins sp\u00e9cifiques, telles que les \u00e9quipes sportives et les entreprises, ou le grand public. Lors de mes interventions, je m&#8217;efforce d&#8217;\u00eatre pr\u00e9sente et de comprendre les besoins de ceux ayant pris le temps d&#8217;assister \u00e0 mes conf\u00e9rences. C&#8217;est un honneur, pour moi, de prendre la parole, et j&#8217;esp\u00e8re pouvoir le faire lors d&#8217;un \u00e9v\u00e9nement \u00e0 proximit\u00e9 de chez vous !<\/h4>\n<p>[\/vc_column_text][vc_column_text][\/vc_column_text][vc_column_text]<\/p>\n<p>&nbsp;<\/p>\n<p>&nbsp;<\/p>\n<p>&nbsp;<\/p>\n<p>[\/vc_column_text][\/vc_column][vc_column width=&#8221;1\/2&#8243;][vc_single_image image=&#8221;13737&#8243; img_size=&#8221;full&#8221; alignment=&#8221;center&#8221;][\/vc_column][\/vc_row][vc_row][vc_column][vc_column_text]<style type='text\/css' media='all'>#tss-container-262298446.tss-wrapper .tss-layout10 .item-content-wrapper,\r\n\t\t\t\t\t#tss-container-262298446.tss-wrapper .tss-isotope3 .item-content-wrapper,\r\n\t\t\t\t\t#tss-container-262298446.tss-wrapper .tss-isotope5 .item-content-wrapper,\r\n\t\t\t\t\t#tss-container-262298446.tss-wrapper .tss-carousel10 .item-content-wrapper{background: transparent;}<\/style><div class='rt-container-fluid tss-wrapper ' id='tss-container-262298446'  data-layout='carousel3' data-desktop-col='1'  data-tab-col='1'  data-mobile-col='1'><div data-title='Loading ...' class='rt-row tss-carousel3 tss-even tss-pre-loader'><div class=\"carousel-wrapper\"><div  class='tss-carousel swiper'\r\n\t\t\t\t\t\t\t\t\t\tdata-loop='true'\r\n\t\t\t\t\t\t\t\t\t\tdata-items-desktop='1'\r\n\t\t\t\t\t\t\t\t\t\tdata-items-tab='1'\r\n\t\t\t\t\t\t\t\t\t\tdata-items-mobile='1'\r\n\t\t\t\t\t\t\t\t\t\tdata-autoplay='true'\r\n\t\t\t\t\t\t\t\t\t\tdata-autoplay-timeout='2000'\r\n\t\t\t\t\t\t\t\t\t\tdata-autoplay-hover-pause='true'\r\n\t\t\t\t\t\t\t\t\t\tdata-dots='false'\r\n\t\t\t\t\t\t\t\t\t\tdata-nav='false'\r\n\t\t\t\t\t\t\t\t\t\tdata-lazy-load='false'\r\n\t\t\t\t\t\t\t\t\t\tdata-auto-height='false'\r\n\t\t\t\t\t\t\t\t\t\tdata-smart-speed='2000'\r\n\t\t\t\t\t\t\t\t\t\t><div class=\"swiper-wrapper\"><div class='rt-col-md-12 rt-col-sm-12 rt-col-xs-12 even-grid-item tss-grid-item slide-item swiper-slide even-grid-item default-margin'><div class=\"single-item-wrapper\"><div class=\"tss-meta-info\"><\/div><div class=\"item-content-wrapper\"><div class='item-content'><h4 class=\"oIy2qc\" data-message-text=\"You are an intelligent and affable person with a positive attitude. I very much enjoy your rationale when asked difficult questions\">You are an intelligent and affable person with a positive attitude. I very much enjoy your rationale when asked difficult questions<\/h4>\n<\/div><\/div><\/div><\/div><div class='rt-col-md-12 rt-col-sm-12 rt-col-xs-12 even-grid-item tss-grid-item slide-item swiper-slide even-grid-item default-margin'><div class=\"single-item-wrapper\"><div class=\"tss-meta-info\"><\/div><div class=\"item-content-wrapper\"><div class='item-content'><h4 class=\"oIy2qc\" data-message-text=\"You put everything to right and you\u2019re amazing at what you do\">You put everything to right and you\u2019re amazing at what you do<\/h4>\n<\/div><\/div><\/div><\/div><div class='rt-col-md-12 rt-col-sm-12 rt-col-xs-12 even-grid-item tss-grid-item slide-item swiper-slide even-grid-item default-margin'><div class=\"single-item-wrapper\"><div class=\"tss-meta-info\"><\/div><div class=\"item-content-wrapper\"><div class='item-content'><h4 class=\"oIy2qc\" data-message-text=\"I love the soothing sound of your voice\">I love the soothing sound of your voice<\/h4>\n<\/div><\/div><\/div><\/div><div class='rt-col-md-12 rt-col-sm-12 rt-col-xs-12 even-grid-item tss-grid-item slide-item swiper-slide even-grid-item default-margin'><div class=\"single-item-wrapper\"><div class=\"tss-meta-info\"><\/div><div class=\"item-content-wrapper\"><div class='item-content'><h4 class=\"oIy2qc\" data-message-text=\"The advice you give is amazing so much so I\u2019ve ordered your journal\">The advice you give is amazing, so much so, I\u2019ve ordered your journal<\/h4>\n<\/div><\/div><\/div><\/div><div class='rt-col-md-12 rt-col-sm-12 rt-col-xs-12 even-grid-item tss-grid-item slide-item swiper-slide even-grid-item default-margin'><div class=\"single-item-wrapper\"><div class=\"tss-meta-info\"><\/div><div class=\"item-content-wrapper\"><div class='item-content'><h4 class=\"oIy2qc\" data-message-text=\"You are interesting, refined and an excellent presenter\">You are interesting, refined and an excellent presenter.<\/h4>\n<\/div><\/div><\/div><\/div><div class='rt-col-md-12 rt-col-sm-12 rt-col-xs-12 even-grid-item tss-grid-item slide-item swiper-slide even-grid-item default-margin'><div class=\"single-item-wrapper\"><div class=\"tss-meta-info\"><\/div><div class=\"item-content-wrapper\"><div class='item-content'><h4 class=\"oIy2qc\" data-message-text=\"You did a post one time about narcissism, I listened to you and came away feeling better about my situation\">I listened to you and came away feeling better about my situation.<\/h4>\n<\/div><\/div><\/div><\/div><div class='rt-col-md-12 rt-col-sm-12 rt-col-xs-12 even-grid-item tss-grid-item slide-item swiper-slide even-grid-item default-margin'><div class=\"single-item-wrapper\"><div class=\"tss-meta-info\"><\/div><div class=\"item-content-wrapper\"><div class='item-content'><h4 class=\"oIy2qc\" data-message-text=\"You\u2019ve a very calming presence.\">You\u2019ve a very calming presence<\/h4>\n<\/div><\/div><\/div><\/div><div class='rt-col-md-12 rt-col-sm-12 rt-col-xs-12 even-grid-item tss-grid-item slide-item swiper-slide even-grid-item default-margin'><div class=\"single-item-wrapper\"><div class=\"tss-meta-info\"><\/div><div class=\"item-content-wrapper\"><div class='item-content'><h4 class=\"oIy2qc\" data-message-text=\"I love hearing what you have to say and seeing your life. You project intelligence and serenity.\">I love hearing what you have to say and seeing your life. You project intelligence and serenity.<\/h4>\n<\/div><\/div><\/div><\/div><div class='rt-col-md-12 rt-col-sm-12 rt-col-xs-12 even-grid-item tss-grid-item slide-item swiper-slide even-grid-item default-margin'><div class=\"single-item-wrapper\"><div class=\"tss-meta-info\"><\/div><div class=\"item-content-wrapper\"><div class='item-content'><h4 dir=\"auto\">I could listen to your voice reading a cereal box and be happy. Beautiful.<\/h4>\n<\/div><\/div><\/div><\/div><\/div><\/div><\/div><div class=\"rt-loading-overlay\"><\/div><div class=\"rt-loading rt-ball-clip-rotate\"><div><\/div><\/div><\/div><\/div>[\/vc_column_text][\/vc_column][\/vc_row]<\/p>\n<\/section>","protected":false},"excerpt":{"rendered":"<p>[vc_row][vc_column width=&#8221;1\/2&#8243;][vc_column_text] Au cours de ces derni\u00e8res ann\u00e9es, il m&#8217;a \u00e9t\u00e9 demand\u00e9 de m&#8217;adresser \u00e0 des groupes vari\u00e9s, qu&#8217;il s&#8217;agisse de personnes ayant des besoins sp\u00e9cifiques, telles que les \u00e9quipes sportives et les entreprises, ou le grand public. Lors de [&hellip;]<\/p>\n","protected":false},"author":1,"featured_media":0,"parent":0,"menu_order":0,"comment_status":"closed","ping_status":"closed","template":"","meta":{"_exactmetrics_skip_tracking":false,"_exactmetrics_sitenote_active":false,"_exactmetrics_sitenote_note":"","_exactmetrics_sitenote_category":0,"_monsterinsights_skip_tracking":false,"_monsterinsights_sitenote_active":false,"_monsterinsights_sitenote_note":"","_monsterinsights_sitenote_category":0,"footnotes":""},"class_list":["post-11155","page","type-page","status-publish","hentry"],"_links":{"self":[{"href":"https:\/\/kapheus.com\/french\/wp-json\/wp\/v2\/pages\/11155","targetHints":{"allow":["GET"]}}],"collection":[{"href":"https:\/\/kapheus.com\/french\/wp-json\/wp\/v2\/pages"}],"about":[{"href":"https:\/\/kapheus.com\/french\/wp-json\/wp\/v2\/types\/page"}],"author":[{"embeddable":true,"href":"https:\/\/kapheus.com\/french\/wp-json\/wp\/v2\/users\/1"}],"replies":[{"embeddable":true,"href":"https:\/\/kapheus.com\/french\/wp-json\/wp\/v2\/comments?post=11155"}],"version-history":[{"count":40,"href":"https:\/\/kapheus.com\/french\/wp-json\/wp\/v2\/pages\/11155\/revisions"}],"predecessor-version":[{"id":13741,"href":"https:\/\/kapheus.com\/french\/wp-json\/wp\/v2\/pages\/11155\/revisions\/13741"}],"wp:attachment":[{"href":"https:\/\/kapheus.com\/french\/wp-json\/wp\/v2\/media?parent=11155"}],"curies":[{"name":"wp","href":"https:\/\/api.w.org\/{rel}","templated":true}]}}