{"id":10447,"date":"2015-08-07T11:18:29","date_gmt":"2015-08-07T11:18:29","guid":{"rendered":"http:\/\/localhost\/dmcs\/?page_id=10447"},"modified":"2025-09-03T16:59:06","modified_gmt":"2025-09-03T16:59:06","slug":"home","status":"publish","type":"page","link":"https:\/\/kapheus.com\/french\/","title":{"rendered":"Accueil"},"content":{"rendered":"<section class=\"wpb-content-wrapper\"><p>[vc_row wrap_type=&#8221;in_container&#8221; css=&#8221;.vc_custom_1574868260816{margin-bottom: 0px !important;}&#8221;][vc_column width=&#8221;1\/2&#8243;][vc_raw_html]JTNDaW1nJTIwY2xhc3MlM0QlMjJzb2NpYWxzLWltZyUyMiUyMHNyYyUzRCUyMiUyRmZyZW5jaCUyRndwLWNvbnRlbnQlMkZ1cGxvYWRzJTJGMjAyNSUyRjA5JTJGc29jaWFsaWNvbnMtc2NhbGVkLmpwZWclMjIlMjBhbHQlM0QlMjJzb2NpYWxzJTIyJTIwd2lkdGglM0QlMjIxMDAlMjUlMjIlMjB1c2VtYXAlM0QlMjIlMjNNYXAlMjIlMkYlM0UlMEElM0NtYXAlMjBuYW1lJTNEJTIyTWFwJTIyJTNFJTBBJTIwJTIwJTNDYXJlYSUyMHNoYXBlJTNEJTIyY2lyY2xlJTIyJTIwY29vcmRzJTNEJTIyMTc0JTJDOTclMkM0MiUyMiUyMGhyZWYlM0QlMjJodHRwcyUzQSUyRiUyRnRyaWJlc2FydGhvdXNlLmNvbSUyMiUyMHRhcmdldCUzRCUyMl9ibGFuayUyMiUzRSUwQSUyMCUyMCUzQ2FyZWElMjBzaGFwZSUzRCUyMmNpcmNsZSUyMiUyMGNvb3JkcyUzRCUyMjI4MCUyQzcwJTJDMzMlMjIlMjBocmVmJTNEJTIyaHR0cHMlM0ElMkYlMkZ0d2l0dGVyLmNvbSUyRlByZXNzVHJpYmVzJTIyJTIwdGFyZ2V0JTNEJTIyX2JsYW5rJTIyJTNFJTBBJTIwJTIwJTNDYXJlYSUyMHNoYXBlJTNEJTIyY2lyY2xlJTIyJTIwY29vcmRzJTNEJTIyNDA1JTJDMTEyJTJDNjAlMjIlMjBocmVmJTNEJTIyaHR0cHMlM0ElMkYlMkZ3d3cuZmFjZWJvb2suY29tJTJGa2FwaGV1cyUyRiUyMiUyMHRhcmdldCUzRCUyMl9ibGFuayUyMiUzRSUwQSUyMCUyMCUzQ2FyZWElMjBzaGFwZSUzRCUyMmNpcmNsZSUyMiUyMGNvb3JkcyUzRCUyMjUxMSUyQzE0MiUyQzI4JTIyJTIwaHJlZiUzRCUyMmh0dHBzJTNBJTJGJTJGa2FwaGV1cy5jb20lMjIlM0UlMEElMjAlMjAlM0NhcmVhJTIwc2hhcGUlM0QlMjJjaXJjbGUlMjIlMjBjb29yZHMlM0QlMjIyNzAlMkMyMDYlMkM4MCUyMiUyMGhyZWYlM0QlMjJodHRwcyUzQSUyRiUyRnd3dy5pbnN0YWdyYW0uY29tJTJGbWFyZ3Vlcml0ZV90b25lcnklMjIlMjB0YXJnZXQlM0QlMjJfYmxhbmslMjIlM0UlMEElMjAlMjAlM0NhcmVhJTIwc2hhcGUlM0QlMjJjaXJjbGUlMjIlMjBjb29yZHMlM0QlMjI0NTYlMkMyNzglMkM5OSUyMiUyMGhyZWYlM0QlMjJodHRwcyUzQSUyRiUyRnd3dy50aWt0b2suY29tJTJGJTQwbWFyZ3Vlcml0ZV90b25lcnklM0YlMjIlMjB0YXJnZXQlM0QlMjJfYmxhbmslMjIlM0UlMEElMjAlMjAlM0NhcmVhJTIwc2hhcGUlM0QlMjJjaXJjbGUlMjIlMjBjb29yZHMlM0QlMjIxMjUlMkMyMTIlMkM0NCUyMiUyMGhyZWYlM0QlMjJodHRwcyUzQSUyRiUyRnRyaWJlc3ByZXNzLmNvbSUyMiUyMHRhcmdldCUzRCUyMl9ibGFuayUyMiUzRSUwQSUyMCUyMCUzQ2FyZWElMjBzaGFwZSUzRCUyMmNpcmNsZSUyMiUyMGNvb3JkcyUzRCUyMjE4MCUyQzMyOSUyQzQ1JTIyJTIwaHJlZiUzRCUyMmh0dHBzJTNBJTJGJTJGd3d3LnlvdXR1YmUuY29tJTJGY2hhbm5lbCUyRlVDblV2Rzd3ZG5FMHBLYkJ3TEQwY3QxZyUyMiUyMHRhcmdldCUzRCUyMl9ibGFuayUyMiUzRSUwQSUyMCUyMCUzQ2FyZWElMjBzaGFwZSUzRCUyMmNpcmNsZSUyMiUyMGNvb3JkcyUzRCUyMjMwMiUyQzM0OSUyQzQ4JTIyJTIwaHJlZiUzRCUyMmh0dHBzJTNBJTJGJTJGd3d3LmxpbmtlZGluLmNvbSUyRmluJTJGbWFyZ3Vlcml0ZS10b25lcnktMzI4OTY4MmIlMkYlMjIlMjB0YXJnZXQlM0QlMjJfYmxhbmslMjIlM0UlMEElM0MlMkZtYXAlM0U=[\/vc_raw_html][vc_raw_html]JTNDZGl2JTIwY2xhc3MlM0QlMjJtb2JpbGUtZ3JpZCUyMiUzRSUwQSUzQ2ElMjBocmVmJTNEJTIyaHR0cHMlM0ElMkYlMkZ3d3cudGlrdG9rLmNvbSUyRiU0MG1hcmd1ZXJpdGVfdG9uZXJ5JTNGJTIyJTIwdGFyZ2V0JTNEX2JsYW5rJTNFJTNDaW1nJTIwY2xhc3MlM0QlMjJzb2NpYWxzLWltZy1tb2IlMjIlMjBzcmMlM0QlMjIlMkZmcmVuY2glMkZ3cC1jb250ZW50JTJGdXBsb2FkcyUyRjIwMjUlMkYwOSUyRnNvY2lhbGljb25zLXNjYWxlZC5qcGVnJTIyJTIwYWx0JTNEJTIyc29jaWFscyUyMiUyMHdpZHRoJTNEJTIyMTAwJTI1JTIyJTIwJTJGJTNFJTNDJTJGYSUzRSUyMCUwQSUzQyUyRmRpdiUzRQ==[\/vc_raw_html][\/vc_column][vc_column width=&#8221;1\/2&#8243; el_class=&#8221;columno&#8221; css=&#8221;.vc_custom_1574868108972{padding-top: 30px !important;}&#8221;][rev_slider_vc alias=&#8221;kapheus-spirit&#8221; enable_paspartu=&#8221;no&#8221;][\/vc_column][\/vc_row][vc_row wrap_type=&#8221;in_container&#8221;][vc_column el_class=&#8221;col-icon-border&#8221; css=&#8221;.vc_custom_1684403421319{padding-top: 0px !important;padding-bottom: 0px !important;}&#8221;][vc_column_text el_class=&#8221;lydreams&#8221;]<\/p>\n<h2 style=\"text-align: center;\">Vivez vos r\u00eaves<\/h2>\n<p>[\/vc_column_text][\/vc_column][\/vc_row][vc_row wrap_type=&#8221;in_container&#8221;][vc_column width=&#8221;1\/2&#8243; el_class=&#8221;col-icon-border&#8221; css=&#8221;.vc_custom_1684233872120{padding-top: 0px !important;padding-bottom: 30px !important;}&#8221; offset=&#8221;vc_hidden-lg vc_hidden-md vc_hidden-sm vc_hidden-xs&#8221;][vc_raw_html]JTNDYSUyMGhyZWYlM0QlMjJodHRwcyUzQSUyRiUyRmthcGhldXMuY29tJTIyJTNFJTBBJTNDZGl2JTIwY2xhc3MlM0QlMjJpbWFnZS1jb250YWluZXIlMjIlM0UlMEElMjAlMjAlMjAlMjAlM0NpbWclMjBzcmMlM0QlMjJodHRwcyUzQSUyRiUyRmthcGhldXMuY29tJTJGd3AtY29udGVudCUyRnVwbG9hZHMlMkYyMDIwJTJGMDklMkZTY3JlZW5zaG90LTIwMjAtMDktMTEtYXQtMTYuMjEuMDMucG5nJTIyJTNFJTBBJTIwJTIwJTIwJTIwJTNDZGl2JTIwY2xhc3MlM0QlMjJpbWFnZS10ZXh0JTIyJTNFJTNDaDQlM0VNZWRpdGF0aW9uJTNDYnIlM0VUcmFja3MlM0MlMkZoNCUzRSUzQyUyRmRpdiUzRSUwQSUzQyUyRmRpdiUzRSUwQSUzQyUyRmElM0U=[\/vc_raw_html][\/vc_column][vc_column width=&#8221;1\/2&#8243; offset=&#8221;vc_hidden-lg vc_hidden-md vc_hidden-sm vc_hidden-xs&#8221;][vc_raw_html]JTNDYSUyMGhyZWYlM0QlMjJodHRwcyUzQSUyRiUyRmthcGhldXMuY29tJTJGc2hvcCUyRiUyMiUzRSUwQSUzQ2RpdiUyMGNsYXNzJTNEJTIyaW1hZ2UtY29udGFpbmVyJTIyJTNFJTBBJTIwJTIwJTIwJTIwJTNDaW1nJTIwc3JjJTNEJTIyaHR0cHMlM0ElMkYlMkZrYXBoZXVzLmNvbSUyRndwLWNvbnRlbnQlMkZ1cGxvYWRzJTJGMjAyMCUyRjA1JTJGOTc4MTkxMjQ0MTI2Ni1zY2FsZWQuanBnJTIyJTNFJTBBJTIwJTIwJTIwJTIwJTNDZGl2JTIwY2xhc3MlM0QlMjJpbWFnZS10ZXh0JTIyJTNFJTNDaDQlM0VCb29rcyUzQyUyRmg0JTNFJTNDJTJGZGl2JTNFJTBBJTNDJTJGZGl2JTNFJTBBJTNDJTJGYSUzRQ==[\/vc_raw_html][\/vc_column][\/vc_row][vc_row gap=&#8221;35&#8243; wrap_type=&#8221;in_container&#8221;][vc_column width=&#8221;1\/3&#8243; el_class=&#8221;col-icon-border&#8221; css=&#8221;.vc_custom_1684403507545{margin-left: 200px !important;padding-top: 0px !important;padding-bottom: 30px !important;}&#8221;][vc_single_image image=&#8221;13754&#8243; img_size=&#8221;full&#8221; alignment=&#8221;right&#8221; onclick=&#8221;custom_link&#8221; title=&#8221;Meditation Tracks&#8221; el_class=&#8221;bookshop&#8221; link=&#8221;#&#8221;][\/vc_column][vc_column width=&#8221;1\/6&#8243;][\/vc_column][vc_column width=&#8221;1\/3&#8243;][vc_single_image image=&#8221;12234&#8243; img_size=&#8221;full&#8221; onclick=&#8221;custom_link&#8221; title=&#8221;Books&#8221; el_class=&#8221;bookshop&#8221; link=&#8221;\/french\/shop\/&#8221;][\/vc_column][\/vc_row][vc_row wrap_type=&#8221;in_container&#8221;][vc_column][vc_custom_heading text=&#8221;REVUES&#8221; font_container=&#8221;tag:h2|text_align:center&#8221; use_theme_fonts=&#8221;yes&#8221; use_heading_style=&#8221;yes&#8221;][vc_tta_pageable no_fill_content_area=&#8221;1&#8243; active_section=&#8221;1&#8243; pagination_style=&#8221;outline-square&#8221; pagination_color=&#8221;black&#8221;][vc_tta_section title=&#8221;Section 1&#8243; tab_id=&#8221;1574848578516-1cefedce-5630&#8243;][vc_column_text]<\/p>\n<blockquote><p><span style=\"font-weight: 400;\"> \u00ab Hier soir, Faol\u00e1n et moi-m\u00eame avons termin\u00e9 Kapheus Water. Avant de nous endormir, la plupart des nuits, nous avons d\u00e9vor\u00e9 au moins un chapitre. Chaque soir, quand je fermais le livre, Faol\u00e1n disait \u00ab NOOOOOOOOON ! \u00bb parce qu&#8217;il ne voulait pas que l&#8217;histoire se termine ! \u00bb<\/span><\/p>\n<p style=\"text-align: center;\"><span style=\"font-weight: 400;\">&#8211; Polly et Faol\u00e1n<\/span><\/p>\n<\/blockquote>\n<p>[\/vc_column_text][\/vc_tta_section][vc_tta_section title=&#8221;Section 2&#8243; tab_id=&#8221;1574848578564-765223fa-2cc8&#8243;][vc_column_text]<\/p>\n<blockquote><p><span style=\"font-weight: 400;\"> \u00ab J&#8217;ai termin\u00e9 les deux livres en quatre jours, car je n\u2019arrivais plus \u00e0 m\u2019arr\u00eater. J&#8217;ai une \u00e9tag\u00e8re sur laquelle je mets tous les meilleurs livres que j&#8217;ai lus ! Il y a Percy Jackson, Harry Potter, Alex Rider et Kapheus. \u00bb <\/span><\/p>\n<p style=\"text-align: center;\"><span style=\"font-weight: 400;\">&#8211; Dara, 10 ans<\/span><\/p>\n<\/blockquote>\n<p>[\/vc_column_text][\/vc_tta_section][vc_tta_section title=&#8221;Section&#8221; tab_id=&#8221;1574848582277-e5ddab35-9c7b&#8221;][vc_column_text]<\/p>\n<blockquote><p><span style=\"font-weight: 400;\"> \u00ab Nous avons \u00e9t\u00e9 tr\u00e8s honor\u00e9s et ravis d&#8217;accueillir Marguerite et son \u00e9quipe dans notre \u00e9cole aujourd&#8217;hui pour le lancement de son dernier roman, Kapheus Fire. Nous avons m\u00eame eu le privil\u00e8ge que Marguerite nous fasse la lecture alors que nous \u00e9tions tous assis autour d&#8217;elle et que nous l&#8217;\u00e9coutions attentivement ! Merci, Marguerite, pour tous les beaux compliments que vous avez faits \u00e0 notre \u00e9cole ! Nous serons ravis de vous avoir dans notre \u00e9cole \u00e0 tout moment ! \u00bb <\/span><\/p>\n<p style=\"text-align: center;\"><span style=\"font-weight: 400;\">&#8211; \u00c9cole primaire St. Nicolas, Galway<\/span><\/p>\n<\/blockquote>\n<p>[\/vc_column_text][\/vc_tta_section][vc_tta_section title=&#8221;Section&#8221; tab_id=&#8221;1574848583336-b664689b-8b7c&#8221;][vc_column_text]<\/p>\n<blockquote><p><span style=\"font-weight: 400;\">\u00ab Les amateurs de mythes et de l\u00e9gendes ainsi que les fans de Harry Potter adoreront ce livre, qui est beaucoup plus myst\u00e9rieux et un peu plus sombre que les deux pr\u00e9c\u00e9dents de la s\u00e9rie [&#8230;] Le livre a un c\u00f4t\u00e9 mythologie ancienne, avec de myst\u00e9rieux druides, ce qui ajoute une dimension int\u00e9ressante \u00e0 l&#8217;histoire, tout en conservant l&#8217;aspect magique de la s\u00e9rie. \u00bb <\/span><\/p>\n<p style=\"text-align: center;\"><span style=\"font-weight: 400;\">&#8211; Eabha Kelly, Galway Independent<\/span><\/p>\n<\/blockquote>\n<p>[\/vc_column_text][\/vc_tta_section][vc_tta_section title=&#8221;Section&#8221; tab_id=&#8221;1695027872660-52a50b5e-5f3f&#8221;][vc_column_text]It is one of the books that has been a guiding light for me in the last few years. It&#8217;s a children&#8217;s story book, but really it is suitable for any age group. I recommend it for anyone looking for some mindfulness techniques and fun adventure. &#8211; Ciara Finnerty (Irish Singer-Songwriter)[\/vc_column_text][\/vc_tta_section][\/vc_tta_pageable][\/vc_column][\/vc_row]<\/p>\n<\/section>","protected":false},"excerpt":{"rendered":"<p>[vc_row wrap_type=&#8221;in_container&#8221; css=&#8221;.vc_custom_1574868260816{margin-bottom: 0px !important;}&#8221;][vc_column width=&#8221;1\/2&#8243;][vc_raw_html]JTNDaW1nJTIwY2xhc3MlM0QlMjJzb2NpYWxzLWltZyUyMiUyMHNyYyUzRCUyMiUyRmZyZW5jaCUyRndwLWNvbnRlbnQlMkZ1cGxvYWRzJTJGMjAyNSUyRjA5JTJGc29jaWFsaWNvbnMtc2NhbGVkLmpwZWclMjIlMjBhbHQlM0QlMjJzb2NpYWxzJTIyJTIwd2lkdGglM0QlMjIxMDAlMjUlMjIlMjB1c2VtYXAlM0QlMjIlMjNNYXAlMjIlMkYlM0UlMEElM0NtYXAlMjBuYW1lJTNEJTIyTWFwJTIyJTNFJTBBJTIwJTIwJTNDYXJlYSUyMHNoYXBlJTNEJTIyY2lyY2xlJTIyJTIwY29vcmRzJTNEJTIyMTc0JTJDOTclMkM0MiUyMiUyMGhyZWYlM0QlMjJodHRwcyUzQSUyRiUyRnRyaWJlc2FydGhvdXNlLmNvbSUyMiUyMHRhcmdldCUzRCUyMl9ibGFuayUyMiUzRSUwQSUyMCUyMCUzQ2FyZWElMjBzaGFwZSUzRCUyMmNpcmNsZSUyMiUyMGNvb3JkcyUzRCUyMjI4MCUyQzcwJTJDMzMlMjIlMjBocmVmJTNEJTIyaHR0cHMlM0ElMkYlMkZ0d2l0dGVyLmNvbSUyRlByZXNzVHJpYmVzJTIyJTIwdGFyZ2V0JTNEJTIyX2JsYW5rJTIyJTNFJTBBJTIwJTIwJTNDYXJlYSUyMHNoYXBlJTNEJTIyY2lyY2xlJTIyJTIwY29vcmRzJTNEJTIyNDA1JTJDMTEyJTJDNjAlMjIlMjBocmVmJTNEJTIyaHR0cHMlM0ElMkYlMkZ3d3cuZmFjZWJvb2suY29tJTJGa2FwaGV1cyUyRiUyMiUyMHRhcmdldCUzRCUyMl9ibGFuayUyMiUzRSUwQSUyMCUyMCUzQ2FyZWElMjBzaGFwZSUzRCUyMmNpcmNsZSUyMiUyMGNvb3JkcyUzRCUyMjUxMSUyQzE0MiUyQzI4JTIyJTIwaHJlZiUzRCUyMmh0dHBzJTNBJTJGJTJGa2FwaGV1cy5jb20lMjIlM0UlMEElMjAlMjAlM0NhcmVhJTIwc2hhcGUlM0QlMjJjaXJjbGUlMjIlMjBjb29yZHMlM0QlMjIyNzAlMkMyMDYlMkM4MCUyMiUyMGhyZWYlM0QlMjJodHRwcyUzQSUyRiUyRnd3dy5pbnN0YWdyYW0uY29tJTJGbWFyZ3Vlcml0ZV90b25lcnklMjIlMjB0YXJnZXQlM0QlMjJfYmxhbmslMjIlM0UlMEElMjAlMjAlM0NhcmVhJTIwc2hhcGUlM0QlMjJjaXJjbGUlMjIlMjBjb29yZHMlM0QlMjI0NTYlMkMyNzglMkM5OSUyMiUyMGhyZWYlM0QlMjJodHRwcyUzQSUyRiUyRnd3dy50aWt0b2suY29tJTJGJTQwbWFyZ3Vlcml0ZV90b25lcnklM0YlMjIlMjB0YXJnZXQlM0QlMjJfYmxhbmslMjIlM0UlMEElMjAlMjAlM0NhcmVhJTIwc2hhcGUlM0QlMjJjaXJjbGUlMjIlMjBjb29yZHMlM0QlMjIxMjUlMkMyMTIlMkM0NCUyMiUyMGhyZWYlM0QlMjJodHRwcyUzQSUyRiUyRnRyaWJlc3ByZXNzLmNvbSUyMiUyMHRhcmdldCUzRCUyMl9ibGFuayUyMiUzRSUwQSUyMCUyMCUzQ2FyZWElMjBzaGFwZSUzRCUyMmNpcmNsZSUyMiUyMGNvb3JkcyUzRCUyMjE4MCUyQzMyOSUyQzQ1JTIyJTIwaHJlZiUzRCUyMmh0dHBzJTNBJTJGJTJGd3d3LnlvdXR1YmUuY29tJTJGY2hhbm5lbCUyRlVDblV2Rzd3ZG5FMHBLYkJ3TEQwY3QxZyUyMiUyMHRhcmdldCUzRCUyMl9ibGFuayUyMiUzRSUwQSUyMCUyMCUzQ2FyZWElMjBzaGFwZSUzRCUyMmNpcmNsZSUyMiUyMGNvb3JkcyUzRCUyMjMwMiUyQzM0OSUyQzQ4JTIyJTIwaHJlZiUzRCUyMmh0dHBzJTNBJTJGJTJGd3d3LmxpbmtlZGluLmNvbSUyRmluJTJGbWFyZ3Vlcml0ZS10b25lcnktMzI4OTY4MmIlMkYlMjIlMjB0YXJnZXQlM0QlMjJfYmxhbmslMjIlM0UlMEElM0MlMkZtYXAlM0U=[\/vc_raw_html][vc_raw_html]JTNDZGl2JTIwY2xhc3MlM0QlMjJtb2JpbGUtZ3JpZCUyMiUzRSUwQSUzQ2ElMjBocmVmJTNEJTIyaHR0cHMlM0ElMkYlMkZ3d3cudGlrdG9rLmNvbSUyRiU0MG1hcmd1ZXJpdGVfdG9uZXJ5JTNGJTIyJTIwdGFyZ2V0JTNEX2JsYW5rJTNFJTNDaW1nJTIwY2xhc3MlM0QlMjJzb2NpYWxzLWltZy1tb2IlMjIlMjBzcmMlM0QlMjIlMkZmcmVuY2glMkZ3cC1jb250ZW50JTJGdXBsb2FkcyUyRjIwMjUlMkYwOSUyRnNvY2lhbGljb25zLXNjYWxlZC5qcGVnJTIyJTIwYWx0JTNEJTIyc29jaWFscyUyMiUyMHdpZHRoJTNEJTIyMTAwJTI1JTIyJTIwJTJGJTNFJTNDJTJGYSUzRSUyMCUwQSUzQyUyRmRpdiUzRQ==[\/vc_raw_html][\/vc_column][vc_column width=&#8221;1\/2&#8243; el_class=&#8221;columno&#8221; css=&#8221;.vc_custom_1574868108972{padding-top: 30px !important;}&#8221;][rev_slider_vc alias=&#8221;kapheus-spirit&#8221; enable_paspartu=&#8221;no&#8221;][\/vc_column][\/vc_row][vc_row wrap_type=&#8221;in_container&#8221;][vc_column el_class=&#8221;col-icon-border&#8221; css=&#8221;.vc_custom_1684403421319{padding-top: 0px !important;padding-bottom: 0px !important;}&#8221;][vc_column_text el_class=&#8221;lydreams&#8221;] Vivez vos r\u00eaves [\/vc_column_text][\/vc_column][\/vc_row][vc_row wrap_type=&#8221;in_container&#8221;][vc_column width=&#8221;1\/2&#8243; el_class=&#8221;col-icon-border&#8221; css=&#8221;.vc_custom_1684233872120{padding-top: 0px !important;padding-bottom: 30px !important;}&#8221; offset=&#8221;vc_hidden-lg vc_hidden-md vc_hidden-sm vc_hidden-xs&#8221;][vc_raw_html]JTNDYSUyMGhyZWYlM0QlMjJodHRwcyUzQSUyRiUyRmthcGhldXMuY29tJTIyJTNFJTBBJTNDZGl2JTIwY2xhc3MlM0QlMjJpbWFnZS1jb250YWluZXIlMjIlM0UlMEElMjAlMjAlMjAlMjAlM0NpbWclMjBzcmMlM0QlMjJodHRwcyUzQSUyRiUyRmthcGhldXMuY29tJTJGd3AtY29udGVudCUyRnVwbG9hZHMlMkYyMDIwJTJGMDklMkZTY3JlZW5zaG90LTIwMjAtMDktMTEtYXQtMTYuMjEuMDMucG5nJTIyJTNFJTBBJTIwJTIwJTIwJTIwJTNDZGl2JTIwY2xhc3MlM0QlMjJpbWFnZS10ZXh0JTIyJTNFJTNDaDQlM0VNZWRpdGF0aW9uJTNDYnIlM0VUcmFja3MlM0MlMkZoNCUzRSUzQyUyRmRpdiUzRSUwQSUzQyUyRmRpdiUzRSUwQSUzQyUyRmElM0U=[\/vc_raw_html][\/vc_column][vc_column width=&#8221;1\/2&#8243; offset=&#8221;vc_hidden-lg vc_hidden-md [&hellip;]<\/p>\n","protected":false},"author":1,"featured_media":0,"parent":0,"menu_order":0,"comment_status":"closed","ping_status":"closed","template":"","meta":{"_exactmetrics_skip_tracking":false,"_exactmetrics_sitenote_active":false,"_exactmetrics_sitenote_note":"","_exactmetrics_sitenote_category":0,"_monsterinsights_skip_tracking":false,"_monsterinsights_sitenote_active":false,"_monsterinsights_sitenote_note":"","_monsterinsights_sitenote_category":0,"footnotes":""},"class_list":["post-10447","page","type-page","status-publish","hentry"],"_links":{"self":[{"href":"https:\/\/kapheus.com\/french\/wp-json\/wp\/v2\/pages\/10447","targetHints":{"allow":["GET"]}}],"collection":[{"href":"https:\/\/kapheus.com\/french\/wp-json\/wp\/v2\/pages"}],"about":[{"href":"https:\/\/kapheus.com\/french\/wp-json\/wp\/v2\/types\/page"}],"author":[{"embeddable":true,"href":"https:\/\/kapheus.com\/french\/wp-json\/wp\/v2\/users\/1"}],"replies":[{"embeddable":true,"href":"https:\/\/kapheus.com\/french\/wp-json\/wp\/v2\/comments?post=10447"}],"version-history":[{"count":159,"href":"https:\/\/kapheus.com\/french\/wp-json\/wp\/v2\/pages\/10447\/revisions"}],"predecessor-version":[{"id":13845,"href":"https:\/\/kapheus.com\/french\/wp-json\/wp\/v2\/pages\/10447\/revisions\/13845"}],"wp:attachment":[{"href":"https:\/\/kapheus.com\/french\/wp-json\/wp\/v2\/media?parent=10447"}],"curies":[{"name":"wp","href":"https:\/\/api.w.org\/{rel}","templated":true}]}}